{"id":5823,"date":"2024-01-27T11:11:05","date_gmt":"2024-01-27T08:11:05","guid":{"rendered":"https:\/\/ozturkiselbiseleri.com\/?post_type=product&#038;p=5823"},"modified":"2024-01-27T11:11:17","modified_gmt":"2024-01-27T08:11:17","slug":"likrali-is-pantolonu","status":"publish","type":"product","link":"https:\/\/ozturkiselbiseleri.com\/?product=likrali-is-pantolonu","title":{"rendered":"Likral\u0131 \u0130\u015f Pantolonu"},"content":{"rendered":"<p>Konforlu ve esnek yap\u0131s\u0131yla zorlu ko\u015fullarda ihtiya\u00e7 duydu\u011funuz hareket \u00f6zg\u00fcrl\u00fc\u011f\u00fcn\u00fc sa\u011flar<\/p>\n<ul>\n<li>\u00d6n\u00fc fermuarl\u0131<\/li>\n<li>Elastik bel yap\u0131s\u0131<\/li>\n<li>Yanlarda i\u00e7ten cepler<\/li>\n<li>Bacak yanlar\u0131nda kapakl\u0131 kargo cepler<\/li>\n<li>Arkada kapakl\u0131 \u00e7ift cep<\/li>\n<li>Dizlik yuvalar\u0131<\/li>\n<li>Dizlerde ve cep kapaklar\u0131nda yans\u0131t\u0131c\u0131 detaylar<\/li>\n<li>Geni\u015f ve g\u00fc\u00e7lendirilmi\u015f kemer k\u00f6pr\u00fcleri<\/li>\n<\/ul>\n<p><b>D\u0131\u015f Kuma\u015f:<\/b>\u00a0%62 Pamuk, %35 Polyester, %3 Lycra &#8211; 260 gr<\/p>\n","protected":false},"excerpt":{"rendered":"<p>Konforlu ve esnek yap\u0131s\u0131yla zorlu ko\u015fullarda ihtiya\u00e7 duydu\u011funuz hareket \u00f6zg\u00fcrl\u00fc\u011f\u00fcn\u00fc sa\u011flar \u00d6n\u00fc fermuarl\u0131 Elastik bel yap\u0131s\u0131 Yanlarda i\u00e7ten cepler Bacak yanlar\u0131nda kapakl\u0131 kargo cepler Arkada&#8230;<\/p>\n","protected":false},"featured_media":5824,"comment_status":"open","ping_status":"closed","template":"","meta":[],"product_cat":[35,37],"product_tag":[],"_links":{"self":[{"href":"https:\/\/ozturkiselbiseleri.com\/index.php?rest_route=\/wp\/v2\/product\/5823"}],"collection":[{"href":"https:\/\/ozturkiselbiseleri.com\/index.php?rest_route=\/wp\/v2\/product"}],"about":[{"href":"https:\/\/ozturkiselbiseleri.com\/index.php?rest_route=\/wp\/v2\/types\/product"}],"replies":[{"embeddable":true,"href":"https:\/\/ozturkiselbiseleri.com\/index.php?rest_route=%2Fwp%2Fv2%2Fcomments&post=5823"}],"wp:featuredmedia":[{"embeddable":true,"href":"https:\/\/ozturkiselbiseleri.com\/index.php?rest_route=\/wp\/v2\/media\/5824"}],"wp:attachment":[{"href":"https:\/\/ozturkiselbiseleri.com\/index.php?rest_route=%2Fwp%2Fv2%2Fmedia&parent=5823"}],"wp:term":[{"taxonomy":"product_cat","embeddable":true,"href":"https:\/\/ozturkiselbiseleri.com\/index.php?rest_route=%2Fwp%2Fv2%2Fproduct_cat&post=5823"},{"taxonomy":"product_tag","embeddable":true,"href":"https:\/\/ozturkiselbiseleri.com\/index.php?rest_route=%2Fwp%2Fv2%2Fproduct_tag&post=5823"}],"curies":[{"name":"wp","href":"https:\/\/api.w.org\/{rel}","templated":true}]}}