{"id":5838,"date":"2024-01-27T11:17:52","date_gmt":"2024-01-27T08:17:52","guid":{"rendered":"https:\/\/ozturkiselbiseleri.com\/?post_type=product&#038;p=5838"},"modified":"2024-01-27T11:18:36","modified_gmt":"2024-01-27T08:18:36","slug":"cerva-dayboro-siyah-pantolon","status":"publish","type":"product","link":"https:\/\/ozturkiselbiseleri.com\/?product=cerva-dayboro-siyah-pantolon","title":{"rendered":"Cerva Dayboro Siyah Pantolon"},"content":{"rendered":"<ul>\n<li>Yenilik\u00e7i likral\u0131 kuma\u015f<\/li>\n<li>\u00d6n\u00fc fermuarl\u0131<\/li>\n<li>Elastik bel yap\u0131s\u0131<\/li>\n<li>Bacak ve kas\u0131klarda dayan\u0131kl\u0131 3&#8217;l\u00fc diki\u015f<\/li>\n<li>Alet ask\u0131l\u0131, geni\u015f \u00e7ok fonksiyonlu \u00f6n cepler<\/li>\n<li>Dizlik yuvalar\u0131 Oxford 600D kuma\u015fla takviyelidir<\/li>\n<li>Reflektif detaylar<\/li>\n<\/ul>\n<p><b>Kuma\u015f:<\/b><br \/>\n%62 Pamuk, %35 Polyester, %3 Elastan 260 gr \/m\u00b2<\/p>\n","protected":false},"excerpt":{"rendered":"<p>Yenilik\u00e7i likral\u0131 kuma\u015f \u00d6n\u00fc fermuarl\u0131 Elastik bel yap\u0131s\u0131 Bacak ve kas\u0131klarda dayan\u0131kl\u0131 3&#8217;l\u00fc diki\u015f Alet ask\u0131l\u0131, geni\u015f \u00e7ok fonksiyonlu \u00f6n cepler Dizlik yuvalar\u0131 Oxford 600D&#8230;<\/p>\n","protected":false},"featured_media":5841,"comment_status":"open","ping_status":"closed","template":"","meta":[],"product_cat":[35,37],"product_tag":[],"_links":{"self":[{"href":"https:\/\/ozturkiselbiseleri.com\/index.php?rest_route=\/wp\/v2\/product\/5838"}],"collection":[{"href":"https:\/\/ozturkiselbiseleri.com\/index.php?rest_route=\/wp\/v2\/product"}],"about":[{"href":"https:\/\/ozturkiselbiseleri.com\/index.php?rest_route=\/wp\/v2\/types\/product"}],"replies":[{"embeddable":true,"href":"https:\/\/ozturkiselbiseleri.com\/index.php?rest_route=%2Fwp%2Fv2%2Fcomments&post=5838"}],"wp:featuredmedia":[{"embeddable":true,"href":"https:\/\/ozturkiselbiseleri.com\/index.php?rest_route=\/wp\/v2\/media\/5841"}],"wp:attachment":[{"href":"https:\/\/ozturkiselbiseleri.com\/index.php?rest_route=%2Fwp%2Fv2%2Fmedia&parent=5838"}],"wp:term":[{"taxonomy":"product_cat","embeddable":true,"href":"https:\/\/ozturkiselbiseleri.com\/index.php?rest_route=%2Fwp%2Fv2%2Fproduct_cat&post=5838"},{"taxonomy":"product_tag","embeddable":true,"href":"https:\/\/ozturkiselbiseleri.com\/index.php?rest_route=%2Fwp%2Fv2%2Fproduct_tag&post=5838"}],"curies":[{"name":"wp","href":"https:\/\/api.w.org\/{rel}","templated":true}]}}