{"id":5842,"date":"2024-01-27T11:20:34","date_gmt":"2024-01-27T08:20:34","guid":{"rendered":"https:\/\/ozturkiselbiseleri.com\/?post_type=product&#038;p=5842"},"modified":"2025-08-03T23:57:56","modified_gmt":"2025-08-03T20:57:56","slug":"is-pantolonu-kislik","status":"publish","type":"product","link":"https:\/\/ozturkiselbiseleri.com\/?product=is-pantolonu-kislik","title":{"rendered":"\u0130\u015f Pantolonu K\u0131\u015fl\u0131k"},"content":{"rendered":"<h3 class=\"theme-h3\">\u00dcr\u00fcn Bilgisi<\/h3>\n<div class=\"productcontentnk\">\n<ul>\n<li>\u00d6n\u00fc fermuarl\u0131<\/li>\n<li>Yanlarda \u00fcstten cepler<\/li>\n<li>Sol bacak yan\u0131nda kapakl\u0131 k\u00f6r\u00fckl\u00fc cep<\/li>\n<li>Sa\u011f bacak yan\u0131nda alet cebi<\/li>\n<li>Arkada tek cep<\/li>\n<li>Bel arkas\u0131 lastikli<\/li>\n<li>Diz alt\u0131nda 5cm tek s\u0131ra reflektif bant<\/li>\n<\/ul>\n<p><b>Kuma\u015f:\u00a0<\/b>%100 Pamuk 390 gr \/m\u00b2<\/p>\n<\/div>\n","protected":false},"excerpt":{"rendered":"<p>\u00dcr\u00fcn Bilgisi \u00d6n\u00fc fermuarl\u0131 Yanlarda \u00fcstten cepler Sol bacak yan\u0131nda kapakl\u0131 k\u00f6r\u00fckl\u00fc cep Sa\u011f bacak yan\u0131nda alet cebi Arkada tek cep Bel arkas\u0131 lastikli Diz&#8230;<\/p>\n","protected":false},"featured_media":5843,"comment_status":"open","ping_status":"closed","template":"","meta":[],"product_cat":[35,37],"product_tag":[],"_links":{"self":[{"href":"https:\/\/ozturkiselbiseleri.com\/index.php?rest_route=\/wp\/v2\/product\/5842"}],"collection":[{"href":"https:\/\/ozturkiselbiseleri.com\/index.php?rest_route=\/wp\/v2\/product"}],"about":[{"href":"https:\/\/ozturkiselbiseleri.com\/index.php?rest_route=\/wp\/v2\/types\/product"}],"replies":[{"embeddable":true,"href":"https:\/\/ozturkiselbiseleri.com\/index.php?rest_route=%2Fwp%2Fv2%2Fcomments&post=5842"}],"wp:featuredmedia":[{"embeddable":true,"href":"https:\/\/ozturkiselbiseleri.com\/index.php?rest_route=\/wp\/v2\/media\/5843"}],"wp:attachment":[{"href":"https:\/\/ozturkiselbiseleri.com\/index.php?rest_route=%2Fwp%2Fv2%2Fmedia&parent=5842"}],"wp:term":[{"taxonomy":"product_cat","embeddable":true,"href":"https:\/\/ozturkiselbiseleri.com\/index.php?rest_route=%2Fwp%2Fv2%2Fproduct_cat&post=5842"},{"taxonomy":"product_tag","embeddable":true,"href":"https:\/\/ozturkiselbiseleri.com\/index.php?rest_route=%2Fwp%2Fv2%2Fproduct_tag&post=5842"}],"curies":[{"name":"wp","href":"https:\/\/api.w.org\/{rel}","templated":true}]}}