{"id":5846,"date":"2024-01-27T11:22:51","date_gmt":"2024-01-27T08:22:51","guid":{"rendered":"https:\/\/ozturkiselbiseleri.com\/?post_type=product&#038;p=5846"},"modified":"2024-01-27T11:22:51","modified_gmt":"2024-01-27T08:22:51","slug":"kargo-cepli-pantolon","status":"publish","type":"product","link":"https:\/\/ozturkiselbiseleri.com\/?product=kargo-cepli-pantolon","title":{"rendered":"Kargo Cepli Pantolon"},"content":{"rendered":"<h3 class=\"theme-h3\">\u00dcr\u00fcn Bilgisi<\/h3>\n<div class=\"productcontentnk\">\n<ul>\n<li>\u00d6n\u00fc fermuarl\u0131<\/li>\n<li>Bel arkas\u0131 lastikli<\/li>\n<li>\u00d6n sa\u011f ve solda \u00fcstten cepler<\/li>\n<li>Sa\u011fda komando cep<\/li>\n<li>Solda alet cebi<\/li>\n<li>Arkada tek cep<\/li>\n<\/ul>\n<p><strong>Kuma\u015f:\u00a0<\/strong>%100 Pamuk 275 gr \/m\u00b2<\/div>\n","protected":false},"excerpt":{"rendered":"<p>\u00dcr\u00fcn Bilgisi \u00d6n\u00fc fermuarl\u0131 Bel arkas\u0131 lastikli \u00d6n sa\u011f ve solda \u00fcstten cepler Sa\u011fda komando cep Solda alet cebi Arkada tek cep Kuma\u015f:\u00a0%100 Pamuk 275&#8230;<\/p>\n","protected":false},"featured_media":5848,"comment_status":"open","ping_status":"closed","template":"","meta":[],"product_cat":[35,37],"product_tag":[],"_links":{"self":[{"href":"https:\/\/ozturkiselbiseleri.com\/index.php?rest_route=\/wp\/v2\/product\/5846"}],"collection":[{"href":"https:\/\/ozturkiselbiseleri.com\/index.php?rest_route=\/wp\/v2\/product"}],"about":[{"href":"https:\/\/ozturkiselbiseleri.com\/index.php?rest_route=\/wp\/v2\/types\/product"}],"replies":[{"embeddable":true,"href":"https:\/\/ozturkiselbiseleri.com\/index.php?rest_route=%2Fwp%2Fv2%2Fcomments&post=5846"}],"wp:featuredmedia":[{"embeddable":true,"href":"https:\/\/ozturkiselbiseleri.com\/index.php?rest_route=\/wp\/v2\/media\/5848"}],"wp:attachment":[{"href":"https:\/\/ozturkiselbiseleri.com\/index.php?rest_route=%2Fwp%2Fv2%2Fmedia&parent=5846"}],"wp:term":[{"taxonomy":"product_cat","embeddable":true,"href":"https:\/\/ozturkiselbiseleri.com\/index.php?rest_route=%2Fwp%2Fv2%2Fproduct_cat&post=5846"},{"taxonomy":"product_tag","embeddable":true,"href":"https:\/\/ozturkiselbiseleri.com\/index.php?rest_route=%2Fwp%2Fv2%2Fproduct_tag&post=5846"}],"curies":[{"name":"wp","href":"https:\/\/api.w.org\/{rel}","templated":true}]}}