{"id":5849,"date":"2024-01-27T11:23:46","date_gmt":"2024-01-27T08:23:46","guid":{"rendered":"https:\/\/ozturkiselbiseleri.com\/?post_type=product&#038;p=5849"},"modified":"2024-01-27T11:23:46","modified_gmt":"2024-01-27T08:23:46","slug":"cerva-olza-softshell-pantolon-gri","status":"publish","type":"product","link":"https:\/\/ozturkiselbiseleri.com\/?product=cerva-olza-softshell-pantolon-gri","title":{"rendered":"Cerva Olza Softshell Pantolon Gri"},"content":{"rendered":"<h3 class=\"theme-h3\">\u00dcr\u00fcn Bilgisi<\/h3>\n<div class=\"productcontentnk\">\n<ul>\n<li>Rahat kesimli erkek softshell pantolon<\/li>\n<li>Su ge\u00e7irmez ve nefes alabilen TPU membran<\/li>\n<li>Polar astarl\u0131<\/li>\n<li>2 yan cep<\/li>\n<li>Su ge\u00e7irmez fermuarl\u0131<\/li>\n<li>Elastik bel yap\u0131s\u0131<\/li>\n<li>Neon sar\u0131 aksesuarlar<\/li>\n<\/ul>\n<p><b>Kuma\u015f:\u00a0<\/b>%94 Polyester, %6 Elastan, 320 gr\/m\u00b2<br \/>\n<b>Standartlar:\u00a0<\/b>EN ISO 13688 &#8211; Koruyucu giysi, Genel Gereksinimler<\/div>\n","protected":false},"excerpt":{"rendered":"<p>\u00dcr\u00fcn Bilgisi Rahat kesimli erkek softshell pantolon Su ge\u00e7irmez ve nefes alabilen TPU membran Polar astarl\u0131 2 yan cep Su ge\u00e7irmez fermuarl\u0131 Elastik bel yap\u0131s\u0131&#8230;<\/p>\n","protected":false},"featured_media":5850,"comment_status":"open","ping_status":"closed","template":"","meta":[],"product_cat":[35,37],"product_tag":[],"_links":{"self":[{"href":"https:\/\/ozturkiselbiseleri.com\/index.php?rest_route=\/wp\/v2\/product\/5849"}],"collection":[{"href":"https:\/\/ozturkiselbiseleri.com\/index.php?rest_route=\/wp\/v2\/product"}],"about":[{"href":"https:\/\/ozturkiselbiseleri.com\/index.php?rest_route=\/wp\/v2\/types\/product"}],"replies":[{"embeddable":true,"href":"https:\/\/ozturkiselbiseleri.com\/index.php?rest_route=%2Fwp%2Fv2%2Fcomments&post=5849"}],"wp:featuredmedia":[{"embeddable":true,"href":"https:\/\/ozturkiselbiseleri.com\/index.php?rest_route=\/wp\/v2\/media\/5850"}],"wp:attachment":[{"href":"https:\/\/ozturkiselbiseleri.com\/index.php?rest_route=%2Fwp%2Fv2%2Fmedia&parent=5849"}],"wp:term":[{"taxonomy":"product_cat","embeddable":true,"href":"https:\/\/ozturkiselbiseleri.com\/index.php?rest_route=%2Fwp%2Fv2%2Fproduct_cat&post=5849"},{"taxonomy":"product_tag","embeddable":true,"href":"https:\/\/ozturkiselbiseleri.com\/index.php?rest_route=%2Fwp%2Fv2%2Fproduct_tag&post=5849"}],"curies":[{"name":"wp","href":"https:\/\/api.w.org\/{rel}","templated":true}]}}