{"id":5851,"date":"2024-01-27T11:24:40","date_gmt":"2024-01-27T08:24:40","guid":{"rendered":"https:\/\/ozturkiselbiseleri.com\/?post_type=product&#038;p=5851"},"modified":"2024-01-27T11:24:40","modified_gmt":"2024-01-27T08:24:40","slug":"yandan-cepli-pantolon","status":"publish","type":"product","link":"https:\/\/ozturkiselbiseleri.com\/?product=yandan-cepli-pantolon","title":{"rendered":"Yandan Cepli Pantolon"},"content":{"rendered":"<h3 class=\"theme-h3\">\u00dcr\u00fcn Bilgisi<\/h3>\n<div class=\"productcontentnk\">\n<ul>\n<li>\u00d6n\u00fc fermuarl\u0131<\/li>\n<li>K\u00f6r\u00fckl\u00fc garnili \u00f6n cepler<\/li>\n<li>\u00d6n sol cebin kemer alt\u0131na giren \u00fcst k\u0131sm\u0131nda metal D toka<\/li>\n<li>Bel arkas\u0131 lastikli<\/li>\n<li>Arkada k\u00f6r\u00fckl\u00fc, garnili, kapakl\u0131 \u00e7ift cep<\/li>\n<li>Sa\u011f ve sol bacak yan\u0131nda k\u00f6r\u00fckl\u00fc garnili, kapakl\u0131 kargo cepler<\/li>\n<li>T\u00fcm cep kapaklar\u0131 reflektif biyeli, \u00e7\u0131t \u00e7\u0131tl\u0131<\/li>\n<li>Dizler \u00e7ift kat takviyeli (a\u015f\u0131nma \u00f6nleyici)<\/li>\n<\/ul>\n<p><strong>Kuma\u015f:\u00a0<\/strong>%65 Polyester, %35 Pamuk 245 gr \/m\u00b2<\/div>\n","protected":false},"excerpt":{"rendered":"<p>\u00dcr\u00fcn Bilgisi \u00d6n\u00fc fermuarl\u0131 K\u00f6r\u00fckl\u00fc garnili \u00f6n cepler \u00d6n sol cebin kemer alt\u0131na giren \u00fcst k\u0131sm\u0131nda metal D toka Bel arkas\u0131 lastikli Arkada k\u00f6r\u00fckl\u00fc, garnili,&#8230;<\/p>\n","protected":false},"featured_media":5852,"comment_status":"open","ping_status":"closed","template":"","meta":[],"product_cat":[35,37],"product_tag":[],"_links":{"self":[{"href":"https:\/\/ozturkiselbiseleri.com\/index.php?rest_route=\/wp\/v2\/product\/5851"}],"collection":[{"href":"https:\/\/ozturkiselbiseleri.com\/index.php?rest_route=\/wp\/v2\/product"}],"about":[{"href":"https:\/\/ozturkiselbiseleri.com\/index.php?rest_route=\/wp\/v2\/types\/product"}],"replies":[{"embeddable":true,"href":"https:\/\/ozturkiselbiseleri.com\/index.php?rest_route=%2Fwp%2Fv2%2Fcomments&post=5851"}],"wp:featuredmedia":[{"embeddable":true,"href":"https:\/\/ozturkiselbiseleri.com\/index.php?rest_route=\/wp\/v2\/media\/5852"}],"wp:attachment":[{"href":"https:\/\/ozturkiselbiseleri.com\/index.php?rest_route=%2Fwp%2Fv2%2Fmedia&parent=5851"}],"wp:term":[{"taxonomy":"product_cat","embeddable":true,"href":"https:\/\/ozturkiselbiseleri.com\/index.php?rest_route=%2Fwp%2Fv2%2Fproduct_cat&post=5851"},{"taxonomy":"product_tag","embeddable":true,"href":"https:\/\/ozturkiselbiseleri.com\/index.php?rest_route=%2Fwp%2Fv2%2Fproduct_tag&post=5851"}],"curies":[{"name":"wp","href":"https:\/\/api.w.org\/{rel}","templated":true}]}}