{"id":5854,"date":"2024-01-27T11:25:34","date_gmt":"2024-01-27T08:25:34","guid":{"rendered":"https:\/\/ozturkiselbiseleri.com\/?post_type=product&#038;p=5854"},"modified":"2024-01-27T11:25:35","modified_gmt":"2024-01-27T08:25:35","slug":"yandan-cepli-pantolon-erkek","status":"publish","type":"product","link":"https:\/\/ozturkiselbiseleri.com\/?product=yandan-cepli-pantolon-erkek","title":{"rendered":"Yandan Cepli Pantolon Erkek"},"content":{"rendered":"<h3 class=\"theme-h3\">\u00dcr\u00fcn Bilgisi<\/h3>\n<div class=\"productcontentnk\">\n<ul>\n<li>\u00d6n\u00fc fermuarl\u0131<\/li>\n<li>Yanlarda cepler<\/li>\n<li>Sol bacak yan\u0131nda kapakl\u0131 kargo cep<\/li>\n<li>Sa\u011f bacak yan\u0131nda alet cebi<\/li>\n<li>Arkada kapakl\u0131 \u00e7ift cep<\/li>\n<li>Arka sol cep yan\u0131nda aksesuar<\/li>\n<\/ul>\n<p><strong>Kuma\u015f:\u00a0<\/strong>%65 Polyester, %35 Pamuk 245 gr\/m\u00b2<\/div>\n","protected":false},"excerpt":{"rendered":"<p>\u00dcr\u00fcn Bilgisi \u00d6n\u00fc fermuarl\u0131 Yanlarda cepler Sol bacak yan\u0131nda kapakl\u0131 kargo cep Sa\u011f bacak yan\u0131nda alet cebi Arkada kapakl\u0131 \u00e7ift cep Arka sol cep yan\u0131nda&#8230;<\/p>\n","protected":false},"featured_media":5855,"comment_status":"open","ping_status":"closed","template":"","meta":[],"product_cat":[35,37],"product_tag":[],"_links":{"self":[{"href":"https:\/\/ozturkiselbiseleri.com\/index.php?rest_route=\/wp\/v2\/product\/5854"}],"collection":[{"href":"https:\/\/ozturkiselbiseleri.com\/index.php?rest_route=\/wp\/v2\/product"}],"about":[{"href":"https:\/\/ozturkiselbiseleri.com\/index.php?rest_route=\/wp\/v2\/types\/product"}],"replies":[{"embeddable":true,"href":"https:\/\/ozturkiselbiseleri.com\/index.php?rest_route=%2Fwp%2Fv2%2Fcomments&post=5854"}],"wp:featuredmedia":[{"embeddable":true,"href":"https:\/\/ozturkiselbiseleri.com\/index.php?rest_route=\/wp\/v2\/media\/5855"}],"wp:attachment":[{"href":"https:\/\/ozturkiselbiseleri.com\/index.php?rest_route=%2Fwp%2Fv2%2Fmedia&parent=5854"}],"wp:term":[{"taxonomy":"product_cat","embeddable":true,"href":"https:\/\/ozturkiselbiseleri.com\/index.php?rest_route=%2Fwp%2Fv2%2Fproduct_cat&post=5854"},{"taxonomy":"product_tag","embeddable":true,"href":"https:\/\/ozturkiselbiseleri.com\/index.php?rest_route=%2Fwp%2Fv2%2Fproduct_tag&post=5854"}],"curies":[{"name":"wp","href":"https:\/\/api.w.org\/{rel}","templated":true}]}}