{"id":5856,"date":"2024-01-27T11:26:15","date_gmt":"2024-01-27T08:26:15","guid":{"rendered":"https:\/\/ozturkiselbiseleri.com\/?post_type=product&#038;p=5856"},"modified":"2024-01-27T11:26:15","modified_gmt":"2024-01-27T08:26:15","slug":"kot-pantolon-mevsimlik","status":"publish","type":"product","link":"https:\/\/ozturkiselbiseleri.com\/?product=kot-pantolon-mevsimlik","title":{"rendered":"Kot Pantolon Mevsimlik"},"content":{"rendered":"<ul>\n<li>Klasik model<\/li>\n<li>\u00d6n\u00fc fermuarl\u0131<\/li>\n<li>Bel arkas\u0131 lastik<\/li>\n<li>Sa\u011f ve solda \u00fcstten cepler<\/li>\n<li>Arka sa\u011fda tek cep<\/li>\n<li>Arka cep alt\u0131nda alet cebi<\/li>\n<\/ul>\n<p><strong>Kuma\u015f:\u00a0<\/strong>Jean (%100 Pamuk 380 gr \/m\u00b2)<\/p>\n","protected":false},"excerpt":{"rendered":"<p>Klasik model \u00d6n\u00fc fermuarl\u0131 Bel arkas\u0131 lastik Sa\u011f ve solda \u00fcstten cepler Arka sa\u011fda tek cep Arka cep alt\u0131nda alet cebi Kuma\u015f:\u00a0Jean (%100 Pamuk 380&#8230;<\/p>\n","protected":false},"featured_media":5857,"comment_status":"open","ping_status":"closed","template":"","meta":[],"product_cat":[35,37],"product_tag":[],"_links":{"self":[{"href":"https:\/\/ozturkiselbiseleri.com\/index.php?rest_route=\/wp\/v2\/product\/5856"}],"collection":[{"href":"https:\/\/ozturkiselbiseleri.com\/index.php?rest_route=\/wp\/v2\/product"}],"about":[{"href":"https:\/\/ozturkiselbiseleri.com\/index.php?rest_route=\/wp\/v2\/types\/product"}],"replies":[{"embeddable":true,"href":"https:\/\/ozturkiselbiseleri.com\/index.php?rest_route=%2Fwp%2Fv2%2Fcomments&post=5856"}],"wp:featuredmedia":[{"embeddable":true,"href":"https:\/\/ozturkiselbiseleri.com\/index.php?rest_route=\/wp\/v2\/media\/5857"}],"wp:attachment":[{"href":"https:\/\/ozturkiselbiseleri.com\/index.php?rest_route=%2Fwp%2Fv2%2Fmedia&parent=5856"}],"wp:term":[{"taxonomy":"product_cat","embeddable":true,"href":"https:\/\/ozturkiselbiseleri.com\/index.php?rest_route=%2Fwp%2Fv2%2Fproduct_cat&post=5856"},{"taxonomy":"product_tag","embeddable":true,"href":"https:\/\/ozturkiselbiseleri.com\/index.php?rest_route=%2Fwp%2Fv2%2Fproduct_tag&post=5856"}],"curies":[{"name":"wp","href":"https:\/\/api.w.org\/{rel}","templated":true}]}}