{"id":5860,"date":"2024-01-27T11:27:54","date_gmt":"2024-01-27T08:27:54","guid":{"rendered":"https:\/\/ozturkiselbiseleri.com\/?post_type=product&#038;p=5860"},"modified":"2024-01-27T11:27:54","modified_gmt":"2024-01-27T08:27:54","slug":"kargo-pantolon-kanvas","status":"publish","type":"product","link":"https:\/\/ozturkiselbiseleri.com\/?product=kargo-pantolon-kanvas","title":{"rendered":"Kargo Pantolon Kanvas"},"content":{"rendered":"<ul>\n<li>\u00d6n\u00fc fermuarl\u0131<\/li>\n<li>Bel arkas\u0131 lastikli<\/li>\n<li>Yanlarda cep, cep a\u011f\u0131zlar\u0131 reflektif biyeli<\/li>\n<li>Arkada kapakl\u0131 \u00e7ift cep<\/li>\n<li>Dizlik cepleri<\/li>\n<li>Sol yanda komando cep \u00fczerinde mobil cep<\/li>\n<li>Pa\u00e7alarda reflektif biyeler<\/li>\n<\/ul>\n<p><strong>Kuma\u015f:\u00a0<\/strong>Kanvas (%60 Pamuk, %40 Polyester 310 gr \/m\u00b2 )<\/p>\n","protected":false},"excerpt":{"rendered":"<p>\u00d6n\u00fc fermuarl\u0131 Bel arkas\u0131 lastikli Yanlarda cep, cep a\u011f\u0131zlar\u0131 reflektif biyeli Arkada kapakl\u0131 \u00e7ift cep Dizlik cepleri Sol yanda komando cep \u00fczerinde mobil cep Pa\u00e7alarda&#8230;<\/p>\n","protected":false},"featured_media":5861,"comment_status":"open","ping_status":"closed","template":"","meta":[],"product_cat":[35,37],"product_tag":[],"_links":{"self":[{"href":"https:\/\/ozturkiselbiseleri.com\/index.php?rest_route=\/wp\/v2\/product\/5860"}],"collection":[{"href":"https:\/\/ozturkiselbiseleri.com\/index.php?rest_route=\/wp\/v2\/product"}],"about":[{"href":"https:\/\/ozturkiselbiseleri.com\/index.php?rest_route=\/wp\/v2\/types\/product"}],"replies":[{"embeddable":true,"href":"https:\/\/ozturkiselbiseleri.com\/index.php?rest_route=%2Fwp%2Fv2%2Fcomments&post=5860"}],"wp:featuredmedia":[{"embeddable":true,"href":"https:\/\/ozturkiselbiseleri.com\/index.php?rest_route=\/wp\/v2\/media\/5861"}],"wp:attachment":[{"href":"https:\/\/ozturkiselbiseleri.com\/index.php?rest_route=%2Fwp%2Fv2%2Fmedia&parent=5860"}],"wp:term":[{"taxonomy":"product_cat","embeddable":true,"href":"https:\/\/ozturkiselbiseleri.com\/index.php?rest_route=%2Fwp%2Fv2%2Fproduct_cat&post=5860"},{"taxonomy":"product_tag","embeddable":true,"href":"https:\/\/ozturkiselbiseleri.com\/index.php?rest_route=%2Fwp%2Fv2%2Fproduct_tag&post=5860"}],"curies":[{"name":"wp","href":"https:\/\/api.w.org\/{rel}","templated":true}]}}