{"id":5865,"date":"2024-01-27T11:30:03","date_gmt":"2024-01-27T08:30:03","guid":{"rendered":"https:\/\/ozturkiselbiseleri.com\/?post_type=product&#038;p=5865"},"modified":"2024-01-27T11:30:03","modified_gmt":"2024-01-27T08:30:03","slug":"style-softshell-mont","status":"publish","type":"product","link":"https:\/\/ozturkiselbiseleri.com\/?product=style-softshell-mont","title":{"rendered":"Style Softshell Mont"},"content":{"rendered":"<h3 class=\"theme-h3\">\u00dcr\u00fcn Bilgisi<\/h3>\n<div class=\"productcontentnk\">\n<h4>Fit tasar\u0131m, softshell konforu ve y\u00fcksek g\u00f6r\u00fcn\u00fcrl\u00fck&#8230; Style Softshell Mont i\u015f giyimine bak\u0131\u015f a\u00e7\u0131n\u0131z\u0131 de\u011fi\u015ftirmeye geliyor!<\/h4>\n<ul>\n<li>Nefes al\u0131r, r\u00fczgar ge\u00e7irmez<\/li>\n<li>\u00d6n-arka beden ve omuzlarda 50 mm reflektif bant<\/li>\n<li>Fermuarl\u0131 yan cepler<\/li>\n<li>G\u00f6\u011f\u00fcste fermuarl\u0131 cep<\/li>\n<li>Etek ucunda kordon+stoper sistemi<\/li>\n<\/ul>\n<p><b>Sertifika:<\/b>EN ISO 20471 Class 2, EN ISO 13688:2013<\/p>\n<p><b>Kuma\u015f:<\/b>\u00a0%100 Polyester &#8211; 300 gr<\/p>\n<\/div>\n","protected":false},"excerpt":{"rendered":"<p>\u00dcr\u00fcn Bilgisi Fit tasar\u0131m, softshell konforu ve y\u00fcksek g\u00f6r\u00fcn\u00fcrl\u00fck&#8230; Style Softshell Mont i\u015f giyimine bak\u0131\u015f a\u00e7\u0131n\u0131z\u0131 de\u011fi\u015ftirmeye geliyor! Nefes al\u0131r, r\u00fczgar ge\u00e7irmez \u00d6n-arka beden ve&#8230;<\/p>\n","protected":false},"featured_media":5866,"comment_status":"open","ping_status":"closed","template":"","meta":[],"product_cat":[35,48],"product_tag":[],"_links":{"self":[{"href":"https:\/\/ozturkiselbiseleri.com\/index.php?rest_route=\/wp\/v2\/product\/5865"}],"collection":[{"href":"https:\/\/ozturkiselbiseleri.com\/index.php?rest_route=\/wp\/v2\/product"}],"about":[{"href":"https:\/\/ozturkiselbiseleri.com\/index.php?rest_route=\/wp\/v2\/types\/product"}],"replies":[{"embeddable":true,"href":"https:\/\/ozturkiselbiseleri.com\/index.php?rest_route=%2Fwp%2Fv2%2Fcomments&post=5865"}],"wp:featuredmedia":[{"embeddable":true,"href":"https:\/\/ozturkiselbiseleri.com\/index.php?rest_route=\/wp\/v2\/media\/5866"}],"wp:attachment":[{"href":"https:\/\/ozturkiselbiseleri.com\/index.php?rest_route=%2Fwp%2Fv2%2Fmedia&parent=5865"}],"wp:term":[{"taxonomy":"product_cat","embeddable":true,"href":"https:\/\/ozturkiselbiseleri.com\/index.php?rest_route=%2Fwp%2Fv2%2Fproduct_cat&post=5865"},{"taxonomy":"product_tag","embeddable":true,"href":"https:\/\/ozturkiselbiseleri.com\/index.php?rest_route=%2Fwp%2Fv2%2Fproduct_tag&post=5865"}],"curies":[{"name":"wp","href":"https:\/\/api.w.org\/{rel}","templated":true}]}}