{"id":5867,"date":"2024-01-27T11:31:08","date_gmt":"2024-01-27T08:31:08","guid":{"rendered":"https:\/\/ozturkiselbiseleri.com\/?post_type=product&#038;p=5867"},"modified":"2024-01-27T11:31:08","modified_gmt":"2024-01-27T08:31:08","slug":"atlas-reflektorlu-mont","status":"publish","type":"product","link":"https:\/\/ozturkiselbiseleri.com\/?product=atlas-reflektorlu-mont","title":{"rendered":"Atlas Reflekt\u00f6rl\u00fc Mont"},"content":{"rendered":"<h3 class=\"theme-h3\">\u00dcr\u00fcn Bilgisi<\/h3>\n<div class=\"productcontentnk\">\n<ul>\n<li>A\u015f\u0131nma diren\u00e7li d\u0131\u015f y\u00fczey<\/li>\n<li>\u00dcst\u00fcn izolasyon i\u00e7in dolgulu astar<\/li>\n<li>Ekstra su direnci sa\u011flayan bantl\u0131 diki\u015fler<\/li>\n<li>\u00d6nde fermuar \u00fczeri \u00e7\u0131t\u00e7\u0131tl\u0131 r\u00fczgar koruyucu<\/li>\n<li>Sa\u011f g\u00f6\u011f\u00fcste i\u00e7ten, sol g\u00f6\u011f\u00fcste mobil cep<\/li>\n<li>G\u00f6\u011f\u00fcste kimlik briti ve D toka<\/li>\n<li>Yanlarda cepler<\/li>\n<li>G\u00f6r\u00fcn\u00fcrl\u00fc\u011f\u00fc artt\u0131ran reflektif bantlar<\/li>\n<\/ul>\n<p><b>Kuma\u015f:<\/b><br \/>\n%100 Polyester (300D Oxford Kuma\u015f), 200 gr\/m\u00b2<br \/>\n<b>Sertifika:<\/b><br \/>\nEN 343 Class 3:1 3<\/div>\n","protected":false},"excerpt":{"rendered":"<p>\u00dcr\u00fcn Bilgisi A\u015f\u0131nma diren\u00e7li d\u0131\u015f y\u00fczey \u00dcst\u00fcn izolasyon i\u00e7in dolgulu astar Ekstra su direnci sa\u011flayan bantl\u0131 diki\u015fler \u00d6nde fermuar \u00fczeri \u00e7\u0131t\u00e7\u0131tl\u0131 r\u00fczgar koruyucu Sa\u011f g\u00f6\u011f\u00fcste&#8230;<\/p>\n","protected":false},"featured_media":5868,"comment_status":"open","ping_status":"closed","template":"","meta":[],"product_cat":[35,48],"product_tag":[],"_links":{"self":[{"href":"https:\/\/ozturkiselbiseleri.com\/index.php?rest_route=\/wp\/v2\/product\/5867"}],"collection":[{"href":"https:\/\/ozturkiselbiseleri.com\/index.php?rest_route=\/wp\/v2\/product"}],"about":[{"href":"https:\/\/ozturkiselbiseleri.com\/index.php?rest_route=\/wp\/v2\/types\/product"}],"replies":[{"embeddable":true,"href":"https:\/\/ozturkiselbiseleri.com\/index.php?rest_route=%2Fwp%2Fv2%2Fcomments&post=5867"}],"wp:featuredmedia":[{"embeddable":true,"href":"https:\/\/ozturkiselbiseleri.com\/index.php?rest_route=\/wp\/v2\/media\/5868"}],"wp:attachment":[{"href":"https:\/\/ozturkiselbiseleri.com\/index.php?rest_route=%2Fwp%2Fv2%2Fmedia&parent=5867"}],"wp:term":[{"taxonomy":"product_cat","embeddable":true,"href":"https:\/\/ozturkiselbiseleri.com\/index.php?rest_route=%2Fwp%2Fv2%2Fproduct_cat&post=5867"},{"taxonomy":"product_tag","embeddable":true,"href":"https:\/\/ozturkiselbiseleri.com\/index.php?rest_route=%2Fwp%2Fv2%2Fproduct_tag&post=5867"}],"curies":[{"name":"wp","href":"https:\/\/api.w.org\/{rel}","templated":true}]}}