{"id":5870,"date":"2024-01-27T11:32:20","date_gmt":"2024-01-27T08:32:20","guid":{"rendered":"https:\/\/ozturkiselbiseleri.com\/?post_type=product&#038;p=5870"},"modified":"2024-01-27T11:32:20","modified_gmt":"2024-01-27T08:32:20","slug":"ism-combo-mont","status":"publish","type":"product","link":"https:\/\/ozturkiselbiseleri.com\/?product=ism-combo-mont","title":{"rendered":"ISM Combo Mont"},"content":{"rendered":"<h3 class=\"theme-h3\">\u00dcr\u00fcn Bilgisi<\/h3>\n<div class=\"productcontentnk\">\n<h4>Elyaf dolgulu bedeniyle r\u00fczgara kar\u015f\u0131 koruma sa\u011flarken, i\u00e7i pamuklu kollar\u0131 ve kap\u00fc\u015fonuyla s\u0131cac\u0131k bir kullan\u0131m sunar. \u00c7al\u0131\u015f\u0131rken veya hafta sonu rahatl\u0131kla severek kullanacaks\u0131n\u0131z!<\/h4>\n<ul>\n<li>Fermuarl\u0131 \u00f6n kapama sistemi (Kemik di\u015f)<\/li>\n<li>Yakada \u00e7ene alt\u0131n\u0131 rahats\u0131z etmemesi i\u00e7in fermuar garaj\u0131 bulunmakt\u0131r<\/li>\n<li>Kap\u00fc\u015fonlu<\/li>\n<li>Yanlarda fermuarl\u0131 cepler (Kemik di\u015f)<\/li>\n<li>Kol a\u011f\u0131zlar\u0131 ve etek ucu lastikli<\/li>\n<\/ul>\n<p><b>Kuma\u015f:\u00a0<\/b><b>Kollar ve Kap\u00fc\u015fon<\/b>, %100 Pamuk, 350 gr\/m\u00b2 &#8211;\u00a0<b>Beden<\/b>, %100 Polyester,\u00a0120 gr\/m\u00b2<\/p>\n<\/div>\n","protected":false},"excerpt":{"rendered":"<p>\u00dcr\u00fcn Bilgisi Elyaf dolgulu bedeniyle r\u00fczgara kar\u015f\u0131 koruma sa\u011flarken, i\u00e7i pamuklu kollar\u0131 ve kap\u00fc\u015fonuyla s\u0131cac\u0131k bir kullan\u0131m sunar. \u00c7al\u0131\u015f\u0131rken veya hafta sonu rahatl\u0131kla severek kullanacaks\u0131n\u0131z!&#8230;<\/p>\n","protected":false},"featured_media":5871,"comment_status":"open","ping_status":"closed","template":"","meta":[],"product_cat":[35,48],"product_tag":[],"_links":{"self":[{"href":"https:\/\/ozturkiselbiseleri.com\/index.php?rest_route=\/wp\/v2\/product\/5870"}],"collection":[{"href":"https:\/\/ozturkiselbiseleri.com\/index.php?rest_route=\/wp\/v2\/product"}],"about":[{"href":"https:\/\/ozturkiselbiseleri.com\/index.php?rest_route=\/wp\/v2\/types\/product"}],"replies":[{"embeddable":true,"href":"https:\/\/ozturkiselbiseleri.com\/index.php?rest_route=%2Fwp%2Fv2%2Fcomments&post=5870"}],"wp:featuredmedia":[{"embeddable":true,"href":"https:\/\/ozturkiselbiseleri.com\/index.php?rest_route=\/wp\/v2\/media\/5871"}],"wp:attachment":[{"href":"https:\/\/ozturkiselbiseleri.com\/index.php?rest_route=%2Fwp%2Fv2%2Fmedia&parent=5870"}],"wp:term":[{"taxonomy":"product_cat","embeddable":true,"href":"https:\/\/ozturkiselbiseleri.com\/index.php?rest_route=%2Fwp%2Fv2%2Fproduct_cat&post=5870"},{"taxonomy":"product_tag","embeddable":true,"href":"https:\/\/ozturkiselbiseleri.com\/index.php?rest_route=%2Fwp%2Fv2%2Fproduct_tag&post=5870"}],"curies":[{"name":"wp","href":"https:\/\/api.w.org\/{rel}","templated":true}]}}