{"id":5872,"date":"2024-01-27T11:33:10","date_gmt":"2024-01-27T08:33:10","guid":{"rendered":"https:\/\/ozturkiselbiseleri.com\/?post_type=product&#038;p=5872"},"modified":"2024-01-27T11:33:10","modified_gmt":"2024-01-27T08:33:10","slug":"cerva-malton-reflektif-softshell-mont-turuncu","status":"publish","type":"product","link":"https:\/\/ozturkiselbiseleri.com\/?product=cerva-malton-reflektif-softshell-mont-turuncu","title":{"rendered":"Cerva Malton Reflektif Softshell Mont Turuncu"},"content":{"rendered":"<h3 class=\"theme-h3\">\u00dcr\u00fcn Bilgisi<\/h3>\n<div class=\"productcontentnk\">\n<ul>\n<li>Fermualar\u0131 yandan cepler<\/li>\n<li>G\u00f6\u011f\u00fcste fermuarl\u0131 cep<\/li>\n<li>Etek ucu kordon stopper<\/li>\n<li>Hi-Vis\u00a0<strong>softshell ceket<\/strong><\/li>\n<li>Nefes al\u0131r<\/li>\n<li>R\u00fczgar ge\u00e7irmez<\/li>\n<li>Reflektif aksesuarlar<\/li>\n<li>Is\u0131y\u0131 i\u00e7eride tutmay\u0131 sa\u011flayan polar astarl\u0131<\/li>\n<li>8000 mm r\u00fczgar ge\u00e7irmez ve su diren\u00e7li<\/li>\n<\/ul>\n<p><b>Sertifika:\u00a0<\/b>EN ISO 13688<br \/>\nEN ISO 20471:2013<br \/>\n<b>Kuma\u015f:\u00a0<\/b>75D Polyester Twill \/ TPU \/ HV Polar 290 gr \/m\u00b2<\/p>\n<\/div>\n","protected":false},"excerpt":{"rendered":"<p>\u00dcr\u00fcn Bilgisi Fermualar\u0131 yandan cepler G\u00f6\u011f\u00fcste fermuarl\u0131 cep Etek ucu kordon stopper Hi-Vis\u00a0softshell ceket Nefes al\u0131r R\u00fczgar ge\u00e7irmez Reflektif aksesuarlar Is\u0131y\u0131 i\u00e7eride tutmay\u0131 sa\u011flayan polar&#8230;<\/p>\n","protected":false},"featured_media":5873,"comment_status":"open","ping_status":"closed","template":"","meta":[],"product_cat":[35,48],"product_tag":[],"_links":{"self":[{"href":"https:\/\/ozturkiselbiseleri.com\/index.php?rest_route=\/wp\/v2\/product\/5872"}],"collection":[{"href":"https:\/\/ozturkiselbiseleri.com\/index.php?rest_route=\/wp\/v2\/product"}],"about":[{"href":"https:\/\/ozturkiselbiseleri.com\/index.php?rest_route=\/wp\/v2\/types\/product"}],"replies":[{"embeddable":true,"href":"https:\/\/ozturkiselbiseleri.com\/index.php?rest_route=%2Fwp%2Fv2%2Fcomments&post=5872"}],"wp:featuredmedia":[{"embeddable":true,"href":"https:\/\/ozturkiselbiseleri.com\/index.php?rest_route=\/wp\/v2\/media\/5873"}],"wp:attachment":[{"href":"https:\/\/ozturkiselbiseleri.com\/index.php?rest_route=%2Fwp%2Fv2%2Fmedia&parent=5872"}],"wp:term":[{"taxonomy":"product_cat","embeddable":true,"href":"https:\/\/ozturkiselbiseleri.com\/index.php?rest_route=%2Fwp%2Fv2%2Fproduct_cat&post=5872"},{"taxonomy":"product_tag","embeddable":true,"href":"https:\/\/ozturkiselbiseleri.com\/index.php?rest_route=%2Fwp%2Fv2%2Fproduct_tag&post=5872"}],"curies":[{"name":"wp","href":"https:\/\/api.w.org\/{rel}","templated":true}]}}