{"id":5876,"date":"2024-01-27T11:35:14","date_gmt":"2024-01-27T08:35:14","guid":{"rendered":"https:\/\/ozturkiselbiseleri.com\/?post_type=product&#038;p=5876"},"modified":"2024-01-27T11:35:14","modified_gmt":"2024-01-27T08:35:14","slug":"cerva-ultimo-winter-ceket","status":"publish","type":"product","link":"https:\/\/ozturkiselbiseleri.com\/?product=cerva-ultimo-winter-ceket","title":{"rendered":"Cerva Ultimo Winter Ceket"},"content":{"rendered":"<h3 class=\"theme-h3\">\u00dcr\u00fcn Bilgisi<\/h3>\n<div class=\"productcontentnk\">\n<ul>\n<li>Poli\u00fcretan kaplmal\u0131 suya dayan\u0131kl\u0131 \u00fcst y\u00fczey<\/li>\n<li>Kap\u00fc\u015fonlu<\/li>\n<li>Yanlarda cepler<\/li>\n<li>G\u00f6\u011f\u00fcste cepler<\/li>\n<li>Ayarlanabilir c\u0131rt c\u0131rtl\u0131 kol man\u015fetleri<\/li>\n<li>Yans\u0131c\u0131 detaylar<\/li>\n<\/ul>\n<p><b>Kuma\u015f:\u00a0<\/b>%100 Polyester, 210 gr\/m\u00b2 &#8211; Poli\u00fcretan Kaplamal\u0131<br \/>\n<b>Standartlar:\u00a0<\/b>EN ISO 13688<\/div>\n","protected":false},"excerpt":{"rendered":"<p>\u00dcr\u00fcn Bilgisi Poli\u00fcretan kaplmal\u0131 suya dayan\u0131kl\u0131 \u00fcst y\u00fczey Kap\u00fc\u015fonlu Yanlarda cepler G\u00f6\u011f\u00fcste cepler Ayarlanabilir c\u0131rt c\u0131rtl\u0131 kol man\u015fetleri Yans\u0131c\u0131 detaylar Kuma\u015f:\u00a0%100 Polyester, 210 gr\/m\u00b2 &#8211;&#8230;<\/p>\n","protected":false},"featured_media":5877,"comment_status":"open","ping_status":"closed","template":"","meta":[],"product_cat":[35,38],"product_tag":[],"_links":{"self":[{"href":"https:\/\/ozturkiselbiseleri.com\/index.php?rest_route=\/wp\/v2\/product\/5876"}],"collection":[{"href":"https:\/\/ozturkiselbiseleri.com\/index.php?rest_route=\/wp\/v2\/product"}],"about":[{"href":"https:\/\/ozturkiselbiseleri.com\/index.php?rest_route=\/wp\/v2\/types\/product"}],"replies":[{"embeddable":true,"href":"https:\/\/ozturkiselbiseleri.com\/index.php?rest_route=%2Fwp%2Fv2%2Fcomments&post=5876"}],"wp:featuredmedia":[{"embeddable":true,"href":"https:\/\/ozturkiselbiseleri.com\/index.php?rest_route=\/wp\/v2\/media\/5877"}],"wp:attachment":[{"href":"https:\/\/ozturkiselbiseleri.com\/index.php?rest_route=%2Fwp%2Fv2%2Fmedia&parent=5876"}],"wp:term":[{"taxonomy":"product_cat","embeddable":true,"href":"https:\/\/ozturkiselbiseleri.com\/index.php?rest_route=%2Fwp%2Fv2%2Fproduct_cat&post=5876"},{"taxonomy":"product_tag","embeddable":true,"href":"https:\/\/ozturkiselbiseleri.com\/index.php?rest_route=%2Fwp%2Fv2%2Fproduct_tag&post=5876"}],"curies":[{"name":"wp","href":"https:\/\/api.w.org\/{rel}","templated":true}]}}