{"id":5878,"date":"2024-01-27T11:36:29","date_gmt":"2024-01-27T08:36:29","guid":{"rendered":"https:\/\/ozturkiselbiseleri.com\/?post_type=product&#038;p=5878"},"modified":"2024-01-27T11:36:29","modified_gmt":"2024-01-27T08:36:29","slug":"cerva-dayboro-parka-siyah","status":"publish","type":"product","link":"https:\/\/ozturkiselbiseleri.com\/?product=cerva-dayboro-parka-siyah","title":{"rendered":"Cerva Dayboro Parka Siyah"},"content":{"rendered":"<h3 class=\"theme-h3\">\u00dcr\u00fcn Bilgisi<\/h3>\n<div class=\"productcontentnk\">\n<ul>\n<li>\u00c7\u0131kar\u0131labilir ba\u015fl\u0131kl\u0131 k\u0131\u015fl\u0131k erkek parkas\u0131<\/li>\n<li>1 adet fermuarl\u0131 g\u00f6\u011f\u00fcs cebi<\/li>\n<li>2 adet fermuarl\u0131 yan cep<\/li>\n<li>2 adet fermuarl\u0131 i\u00e7 cep<\/li>\n<li>Yans\u0131t\u0131c\u0131 ayr\u0131nt\u0131lar<\/li>\n<li>C\u0131rt c\u0131rtl\u0131 patla kapl\u0131 fermuar<\/li>\n<li>C\u0131rt c\u0131rtl\u0131 ayarlanabilir kol a\u011f\u0131zlar\u0131<\/li>\n<li>Alt s\u0131rt k\u0131sm\u0131nda nak\u0131\u015f i\u00e7in eri\u015fim<\/li>\n<li>Suya kar\u015f\u0131 y\u00fcksek diren\u00e7<\/li>\n<li>Nefes alabilir<\/li>\n<li>40\u00b0C&#8217;de hafif y\u0131kama yap\u0131n\u0131z<\/li>\n<li>Kurutma makinesinde kurutmay\u0131n\u0131z<\/li>\n<li>\u00dct\u00fc ve kuru temizleme yap\u0131lmaz<\/li>\n<\/ul>\n<p><b>Kuma\u015f:<\/b><br \/>\nD\u0131\u015f Y\u00fczey:%100 polyester, 120 gr\/m\u00b2 (Poli\u00fcretan Kaplama)<br \/>\n\u0130\u00e7 Dolgu:%100 polyester, 160 gr\/m\u00b2<br \/>\n<b>Standartlar:\u00a0<\/b>EN ISO 13688<\/div>\n","protected":false},"excerpt":{"rendered":"<p>\u00dcr\u00fcn Bilgisi \u00c7\u0131kar\u0131labilir ba\u015fl\u0131kl\u0131 k\u0131\u015fl\u0131k erkek parkas\u0131 1 adet fermuarl\u0131 g\u00f6\u011f\u00fcs cebi 2 adet fermuarl\u0131 yan cep 2 adet fermuarl\u0131 i\u00e7 cep Yans\u0131t\u0131c\u0131 ayr\u0131nt\u0131lar C\u0131rt&#8230;<\/p>\n","protected":false},"featured_media":5879,"comment_status":"open","ping_status":"closed","template":"","meta":[],"product_cat":[35,38],"product_tag":[],"_links":{"self":[{"href":"https:\/\/ozturkiselbiseleri.com\/index.php?rest_route=\/wp\/v2\/product\/5878"}],"collection":[{"href":"https:\/\/ozturkiselbiseleri.com\/index.php?rest_route=\/wp\/v2\/product"}],"about":[{"href":"https:\/\/ozturkiselbiseleri.com\/index.php?rest_route=\/wp\/v2\/types\/product"}],"replies":[{"embeddable":true,"href":"https:\/\/ozturkiselbiseleri.com\/index.php?rest_route=%2Fwp%2Fv2%2Fcomments&post=5878"}],"wp:featuredmedia":[{"embeddable":true,"href":"https:\/\/ozturkiselbiseleri.com\/index.php?rest_route=\/wp\/v2\/media\/5879"}],"wp:attachment":[{"href":"https:\/\/ozturkiselbiseleri.com\/index.php?rest_route=%2Fwp%2Fv2%2Fmedia&parent=5878"}],"wp:term":[{"taxonomy":"product_cat","embeddable":true,"href":"https:\/\/ozturkiselbiseleri.com\/index.php?rest_route=%2Fwp%2Fv2%2Fproduct_cat&post=5878"},{"taxonomy":"product_tag","embeddable":true,"href":"https:\/\/ozturkiselbiseleri.com\/index.php?rest_route=%2Fwp%2Fv2%2Fproduct_tag&post=5878"}],"curies":[{"name":"wp","href":"https:\/\/api.w.org\/{rel}","templated":true}]}}