{"id":5881,"date":"2024-01-27T11:37:29","date_gmt":"2024-01-27T08:37:29","guid":{"rendered":"https:\/\/ozturkiselbiseleri.com\/?post_type=product&#038;p=5881"},"modified":"2025-08-03T23:57:40","modified_gmt":"2025-08-03T20:57:40","slug":"atlas-kaban","status":"publish","type":"product","link":"https:\/\/ozturkiselbiseleri.com\/?product=atlas-kaban","title":{"rendered":"Atlas Kaban"},"content":{"rendered":"<h3 class=\"theme-h3\">\u00dcr\u00fcn Bilgisi<\/h3>\n<div class=\"productcontentnk\">\n<ul>\n<li>A\u015f\u0131nma diren\u00e7li d\u0131\u015f y\u00fczey<\/li>\n<li>\u00dcst\u00fcn izolasyon i\u00e7in dolgulu astar<\/li>\n<li>Ekstra su direnci sa\u011flayan bantl\u0131 diki\u015fler<\/li>\n<li>\u00d6nde fermuar \u00fczeri \u00e7\u0131t\u00e7\u0131tl\u0131 kapama<\/li>\n<li>Sa\u011f ve sol g\u00f6\u011f\u00fcste cepler<\/li>\n<li>\u00d6n sa\u011f ve solda kapakl\u0131 cepler<\/li>\n<\/ul>\n<p><b>Kuma\u015f:\u00a0<\/b>%100 Polyester, 300 Denye Oxford Kuma\u015f, 200 gr\/m\u00b2<\/p>\n<div class=\"productcontentnk\">\n<p><b>Sertifikalar<\/b><\/p>\n<ul>\n<li>EN 343-3-1<\/li>\n<\/ul>\n<\/div>\n<\/div>\n","protected":false},"excerpt":{"rendered":"<p>\u00dcr\u00fcn Bilgisi A\u015f\u0131nma diren\u00e7li d\u0131\u015f y\u00fczey \u00dcst\u00fcn izolasyon i\u00e7in dolgulu astar Ekstra su direnci sa\u011flayan bantl\u0131 diki\u015fler \u00d6nde fermuar \u00fczeri \u00e7\u0131t\u00e7\u0131tl\u0131 kapama Sa\u011f ve sol&#8230;<\/p>\n","protected":false},"featured_media":5882,"comment_status":"open","ping_status":"closed","template":"","meta":[],"product_cat":[35,38],"product_tag":[],"_links":{"self":[{"href":"https:\/\/ozturkiselbiseleri.com\/index.php?rest_route=\/wp\/v2\/product\/5881"}],"collection":[{"href":"https:\/\/ozturkiselbiseleri.com\/index.php?rest_route=\/wp\/v2\/product"}],"about":[{"href":"https:\/\/ozturkiselbiseleri.com\/index.php?rest_route=\/wp\/v2\/types\/product"}],"replies":[{"embeddable":true,"href":"https:\/\/ozturkiselbiseleri.com\/index.php?rest_route=%2Fwp%2Fv2%2Fcomments&post=5881"}],"wp:featuredmedia":[{"embeddable":true,"href":"https:\/\/ozturkiselbiseleri.com\/index.php?rest_route=\/wp\/v2\/media\/5882"}],"wp:attachment":[{"href":"https:\/\/ozturkiselbiseleri.com\/index.php?rest_route=%2Fwp%2Fv2%2Fmedia&parent=5881"}],"wp:term":[{"taxonomy":"product_cat","embeddable":true,"href":"https:\/\/ozturkiselbiseleri.com\/index.php?rest_route=%2Fwp%2Fv2%2Fproduct_cat&post=5881"},{"taxonomy":"product_tag","embeddable":true,"href":"https:\/\/ozturkiselbiseleri.com\/index.php?rest_route=%2Fwp%2Fv2%2Fproduct_tag&post=5881"}],"curies":[{"name":"wp","href":"https:\/\/api.w.org\/{rel}","templated":true}]}}