{"id":5883,"date":"2024-01-27T11:38:20","date_gmt":"2024-01-27T08:38:20","guid":{"rendered":"https:\/\/ozturkiselbiseleri.com\/?post_type=product&#038;p=5883"},"modified":"2024-01-27T11:38:20","modified_gmt":"2024-01-27T08:38:20","slug":"norther-hi-vis-iki-renkli-kaban","status":"publish","type":"product","link":"https:\/\/ozturkiselbiseleri.com\/?product=norther-hi-vis-iki-renkli-kaban","title":{"rendered":"NORTHER HI-VIS \u0130ki Renkli Kaban"},"content":{"rendered":"<h3 class=\"theme-h3\">\u00dcr\u00fcn Bilgisi<\/h3>\n<div class=\"productcontentnk\">\n<ul>\n<li>Fermuarl\u0131 \u00f6n kapama (\u00e7ift y\u00f6nl\u00fc fermuar, kemik di\u015f)<\/li>\n<li>Fermuar \u00fczeri \u00e7\u0131t\u00e7\u0131tl\u0131 pat, pat alt\u0131nda fermuarl\u0131 gizli cep<\/li>\n<li>Gizlenebilir kap\u00fc\u015fon<\/li>\n<li>Etek ucunda kanal + kordon + stoper<\/li>\n<li>Kol a\u011f\u0131zlar\u0131nda gizli ribana<\/li>\n<li>\u00d6n, arka beden ve kollarda 50 mm reflektif bantlar<\/li>\n<li>\u00d6nde kapakl\u0131, c\u0131rt c\u0131rtl\u0131 geni\u015f cepler<\/li>\n<li>Sa\u011fda i\u00e7 cep<\/li>\n<\/ul>\n<p><b>Kuma\u015f:\u00a0<\/b>D\u0131\u015f Y\u00fczey: %100 Polyester, 300 Denye, PU Kaplamal\u0131 200 gr\/m\u00b2 \u0130\u00e7 Dolgu: Elyaf, 200 gr Yaka i\u00e7i: Polar, %100 Polyester<\/p>\n<div class=\"productcontentnk\">\n<p><b>Sertifikalar<\/b><\/p>\n<ul>\n<li>EN 343-3-3<\/li>\n<li>EN ISO 20471 Class 3<\/li>\n<\/ul>\n<\/div>\n<\/div>\n","protected":false},"excerpt":{"rendered":"<p>\u00dcr\u00fcn Bilgisi Fermuarl\u0131 \u00f6n kapama (\u00e7ift y\u00f6nl\u00fc fermuar, kemik di\u015f) Fermuar \u00fczeri \u00e7\u0131t\u00e7\u0131tl\u0131 pat, pat alt\u0131nda fermuarl\u0131 gizli cep Gizlenebilir kap\u00fc\u015fon Etek ucunda kanal +&#8230;<\/p>\n","protected":false},"featured_media":5884,"comment_status":"open","ping_status":"closed","template":"","meta":[],"product_cat":[35,38],"product_tag":[],"_links":{"self":[{"href":"https:\/\/ozturkiselbiseleri.com\/index.php?rest_route=\/wp\/v2\/product\/5883"}],"collection":[{"href":"https:\/\/ozturkiselbiseleri.com\/index.php?rest_route=\/wp\/v2\/product"}],"about":[{"href":"https:\/\/ozturkiselbiseleri.com\/index.php?rest_route=\/wp\/v2\/types\/product"}],"replies":[{"embeddable":true,"href":"https:\/\/ozturkiselbiseleri.com\/index.php?rest_route=%2Fwp%2Fv2%2Fcomments&post=5883"}],"wp:featuredmedia":[{"embeddable":true,"href":"https:\/\/ozturkiselbiseleri.com\/index.php?rest_route=\/wp\/v2\/media\/5884"}],"wp:attachment":[{"href":"https:\/\/ozturkiselbiseleri.com\/index.php?rest_route=%2Fwp%2Fv2%2Fmedia&parent=5883"}],"wp:term":[{"taxonomy":"product_cat","embeddable":true,"href":"https:\/\/ozturkiselbiseleri.com\/index.php?rest_route=%2Fwp%2Fv2%2Fproduct_cat&post=5883"},{"taxonomy":"product_tag","embeddable":true,"href":"https:\/\/ozturkiselbiseleri.com\/index.php?rest_route=%2Fwp%2Fv2%2Fproduct_tag&post=5883"}],"curies":[{"name":"wp","href":"https:\/\/api.w.org\/{rel}","templated":true}]}}