{"id":5885,"date":"2024-01-27T11:39:14","date_gmt":"2024-01-27T08:39:14","guid":{"rendered":"https:\/\/ozturkiselbiseleri.com\/?post_type=product&#038;p=5885"},"modified":"2025-12-24T13:41:59","modified_gmt":"2025-12-24T10:41:59","slug":"s532-orkney-3-u-1-arada-nefes-alabilir-ceket","status":"publish","type":"product","link":"https:\/\/ozturkiselbiseleri.com\/?product=s532-orkney-3-u-1-arada-nefes-alabilir-ceket","title":{"rendered":"S532 &#8211; Orkney 3 \u00fc 1 arada Nefes Alabilir Ceket"},"content":{"rendered":"<h3 class=\"theme-h3\">\u00dcr\u00fcn Bilgisi<\/h3>\n<div class=\"productcontentnk\">\n<p>\u00d6zg\u00fcn, yarat\u0131c\u0131 ve konforlu 3&#8217;\u00fc 1 arada ceket en pop\u00fcler \u00fcr\u00fcnlerden! Su diren\u00e7li ve nefes alabilir naylon d\u0131\u015f ceket a\u00e7\u0131k havada \u00e7al\u0131\u015fan t\u00fcm kullan\u0131c\u0131lar\u0131 so\u011fuk ve ya\u011fmurdan korumak i\u00e7in dizayn edilmi\u015ftir. Fermuarla tak\u0131p \u00e7\u0131kar\u0131labilen 280 gr yelek tek ba\u015f\u0131na da kullan\u0131labilir.<\/p>\n<p><b>D\u0131\u015f Kuma\u015f:\u00a0<\/b>%100 Naylon Ottoman, PU kaplama 170 gr<br \/>\n<b>Ek D\u0131\u015f Kuma\u015f Bilgisi:<\/b>Omuz\/Kollar; %100 Naylon Ottoman, Nefes Alabilir PU Kaplama, 160 gr<br \/>\n<b>Ek Astar Kuma\u015f Bilgisi :<\/b>%100 Polyester File, 60 gr<br \/>\n<b>Ek Astar Kuma\u015f Bilgisi :<\/b>\u00a0\u00dcst B\u00f6l\u00fcm: %100 Polyester, 60 gr &#8211; Alt B\u00f6l\u00fcm\/Kollar: %100 Polyester, 60 gr<\/p>\n<div id=\"count1\" class=\"tab-detail\">\n<div class=\"tab-head\">\n<h4>Sertifika<\/h4>\n<\/div>\n<p><b>EN 343 Class 3:2<\/b><\/div>\n<\/div>\n","protected":false},"excerpt":{"rendered":"<p>\u00dcr\u00fcn Bilgisi \u00d6zg\u00fcn, yarat\u0131c\u0131 ve konforlu 3&#8217;\u00fc 1 arada ceket en pop\u00fcler \u00fcr\u00fcnlerden! Su diren\u00e7li ve nefes alabilir naylon d\u0131\u015f ceket a\u00e7\u0131k havada \u00e7al\u0131\u015fan t\u00fcm&#8230;<\/p>\n","protected":false},"featured_media":5886,"comment_status":"open","ping_status":"closed","template":"","meta":[],"product_cat":[35,38],"product_tag":[],"_links":{"self":[{"href":"https:\/\/ozturkiselbiseleri.com\/index.php?rest_route=\/wp\/v2\/product\/5885"}],"collection":[{"href":"https:\/\/ozturkiselbiseleri.com\/index.php?rest_route=\/wp\/v2\/product"}],"about":[{"href":"https:\/\/ozturkiselbiseleri.com\/index.php?rest_route=\/wp\/v2\/types\/product"}],"replies":[{"embeddable":true,"href":"https:\/\/ozturkiselbiseleri.com\/index.php?rest_route=%2Fwp%2Fv2%2Fcomments&post=5885"}],"wp:featuredmedia":[{"embeddable":true,"href":"https:\/\/ozturkiselbiseleri.com\/index.php?rest_route=\/wp\/v2\/media\/5886"}],"wp:attachment":[{"href":"https:\/\/ozturkiselbiseleri.com\/index.php?rest_route=%2Fwp%2Fv2%2Fmedia&parent=5885"}],"wp:term":[{"taxonomy":"product_cat","embeddable":true,"href":"https:\/\/ozturkiselbiseleri.com\/index.php?rest_route=%2Fwp%2Fv2%2Fproduct_cat&post=5885"},{"taxonomy":"product_tag","embeddable":true,"href":"https:\/\/ozturkiselbiseleri.com\/index.php?rest_route=%2Fwp%2Fv2%2Fproduct_tag&post=5885"}],"curies":[{"name":"wp","href":"https:\/\/api.w.org\/{rel}","templated":true}]}}