{"id":5888,"date":"2024-01-27T11:40:15","date_gmt":"2024-01-27T08:40:15","guid":{"rendered":"https:\/\/ozturkiselbiseleri.com\/?post_type=product&#038;p=5888"},"modified":"2024-01-27T11:40:15","modified_gmt":"2024-01-27T08:40:15","slug":"shd-mont","status":"publish","type":"product","link":"https:\/\/ozturkiselbiseleri.com\/?product=shd-mont","title":{"rendered":"SHD Mont"},"content":{"rendered":"<h3 class=\"theme-h3\">\u00dcr\u00fcn Bilgisi<\/h3>\n<div class=\"productcontentnk\">\n<h3>\u00c7\u0131kar\u0131labilir kollar\u0131yla hem mont hem yelek! \u0130nteraktif \u00fcr\u00fcnlerde \u00fcst\u00fcn so\u011fuk korumas\u0131\u2026<\/h3>\n<p>\u0130stedi\u011finiz zaman kollar\u0131n\u0131 \u00e7\u0131kararak \u00fcr\u00fcn\u00fc yele\u011fe d\u00f6n\u00fc\u015ft\u00fcrebilirsiniz. \u0130ki farkl\u0131 kullan\u0131m olana\u011f\u0131 sa\u011flayan mont, \u00f6zellikli \u00fcr\u00fcnlerin y\u00fcksek maliyetlerini g\u00f6z \u00f6n\u00fcnde bulundurularak tasarland\u0131.<\/p>\n<ul>\n<li>-35 dereceye kadar so\u011fuk havada etkili koruma sa\u011flar<\/li>\n<li>D\u0131\u015f y\u00fczey su itici akrilik kaplamad\u0131r<\/li>\n<li>\u0130\u00e7 dolgu 300 gr elyaf i\u00e7ermektedir<\/li>\n<li>Yaka i\u00e7i pel\u00fc\u015f astar<\/li>\n<li>Yanlarda ve g\u00f6\u011f\u00fcste geni\u015f cepler<\/li>\n<li>S\u0131cakl\u0131\u011f\u0131 muhafaza etmek i\u00e7in kola a\u011f\u0131zlar\u0131 ribanal\u0131, etek ucu lastikli<\/li>\n<\/ul>\n<\/div>\n","protected":false},"excerpt":{"rendered":"<p>\u00dcr\u00fcn Bilgisi \u00c7\u0131kar\u0131labilir kollar\u0131yla hem mont hem yelek! \u0130nteraktif \u00fcr\u00fcnlerde \u00fcst\u00fcn so\u011fuk korumas\u0131\u2026 \u0130stedi\u011finiz zaman kollar\u0131n\u0131 \u00e7\u0131kararak \u00fcr\u00fcn\u00fc yele\u011fe d\u00f6n\u00fc\u015ft\u00fcrebilirsiniz. \u0130ki farkl\u0131 kullan\u0131m olana\u011f\u0131 sa\u011flayan&#8230;<\/p>\n","protected":false},"featured_media":5889,"comment_status":"open","ping_status":"closed","template":"","meta":[],"product_cat":[35,38],"product_tag":[],"_links":{"self":[{"href":"https:\/\/ozturkiselbiseleri.com\/index.php?rest_route=\/wp\/v2\/product\/5888"}],"collection":[{"href":"https:\/\/ozturkiselbiseleri.com\/index.php?rest_route=\/wp\/v2\/product"}],"about":[{"href":"https:\/\/ozturkiselbiseleri.com\/index.php?rest_route=\/wp\/v2\/types\/product"}],"replies":[{"embeddable":true,"href":"https:\/\/ozturkiselbiseleri.com\/index.php?rest_route=%2Fwp%2Fv2%2Fcomments&post=5888"}],"wp:featuredmedia":[{"embeddable":true,"href":"https:\/\/ozturkiselbiseleri.com\/index.php?rest_route=\/wp\/v2\/media\/5889"}],"wp:attachment":[{"href":"https:\/\/ozturkiselbiseleri.com\/index.php?rest_route=%2Fwp%2Fv2%2Fmedia&parent=5888"}],"wp:term":[{"taxonomy":"product_cat","embeddable":true,"href":"https:\/\/ozturkiselbiseleri.com\/index.php?rest_route=%2Fwp%2Fv2%2Fproduct_cat&post=5888"},{"taxonomy":"product_tag","embeddable":true,"href":"https:\/\/ozturkiselbiseleri.com\/index.php?rest_route=%2Fwp%2Fv2%2Fproduct_tag&post=5888"}],"curies":[{"name":"wp","href":"https:\/\/api.w.org\/{rel}","templated":true}]}}