{"id":5890,"date":"2024-01-27T11:41:13","date_gmt":"2024-01-27T08:41:13","guid":{"rendered":"https:\/\/ozturkiselbiseleri.com\/?post_type=product&#038;p=5890"},"modified":"2025-10-18T17:57:43","modified_gmt":"2025-10-18T14:57:43","slug":"shd-kaban","status":"publish","type":"product","link":"https:\/\/ozturkiselbiseleri.com\/?product=shd-kaban","title":{"rendered":"SHD Kaban"},"content":{"rendered":"<h3 class=\"theme-h3\">\u00dcr\u00fcn Bilgisi<\/h3>\n<div class=\"productcontentnk\">\n<h3>So\u011fuk ortam \u00e7al\u0131\u015fanlar\u0131na m\u00fcjde! \u00dcst\u00fcn koruma \u015fimdi daha ekonomik fiyatlarla!<\/h3>\n<ul>\n<li>-35 dereceye kadar so\u011fuk havada etkili koruma sa\u011flar<\/li>\n<li>D\u0131\u015f y\u00fczey su itici akrilik kaplamad\u0131r<\/li>\n<li>\u0130\u00e7 dolgu 300 gr elyaf i\u00e7ermektedir<\/li>\n<li>Yaka i\u00e7i pel\u00fc\u015f astar<\/li>\n<li>\u00d6nde ve g\u00f6\u011f\u00fcste geni\u015f cepler<\/li>\n<li>S\u0131cakl\u0131\u011f\u0131 muhafaza etmek i\u00e7in kola a\u011f\u0131zlar\u0131 ribanal\u0131, bel arkas\u0131 i\u00e7ten lastiklidir.<\/li>\n<\/ul>\n<\/div>\n","protected":false},"excerpt":{"rendered":"<p>\u00dcr\u00fcn Bilgisi So\u011fuk ortam \u00e7al\u0131\u015fanlar\u0131na m\u00fcjde! \u00dcst\u00fcn koruma \u015fimdi daha ekonomik fiyatlarla! -35 dereceye kadar so\u011fuk havada etkili koruma sa\u011flar D\u0131\u015f y\u00fczey su itici akrilik&#8230;<\/p>\n","protected":false},"featured_media":5891,"comment_status":"open","ping_status":"closed","template":"","meta":[],"product_cat":[35,38],"product_tag":[],"_links":{"self":[{"href":"https:\/\/ozturkiselbiseleri.com\/index.php?rest_route=\/wp\/v2\/product\/5890"}],"collection":[{"href":"https:\/\/ozturkiselbiseleri.com\/index.php?rest_route=\/wp\/v2\/product"}],"about":[{"href":"https:\/\/ozturkiselbiseleri.com\/index.php?rest_route=\/wp\/v2\/types\/product"}],"replies":[{"embeddable":true,"href":"https:\/\/ozturkiselbiseleri.com\/index.php?rest_route=%2Fwp%2Fv2%2Fcomments&post=5890"}],"wp:featuredmedia":[{"embeddable":true,"href":"https:\/\/ozturkiselbiseleri.com\/index.php?rest_route=\/wp\/v2\/media\/5891"}],"wp:attachment":[{"href":"https:\/\/ozturkiselbiseleri.com\/index.php?rest_route=%2Fwp%2Fv2%2Fmedia&parent=5890"}],"wp:term":[{"taxonomy":"product_cat","embeddable":true,"href":"https:\/\/ozturkiselbiseleri.com\/index.php?rest_route=%2Fwp%2Fv2%2Fproduct_cat&post=5890"},{"taxonomy":"product_tag","embeddable":true,"href":"https:\/\/ozturkiselbiseleri.com\/index.php?rest_route=%2Fwp%2Fv2%2Fproduct_tag&post=5890"}],"curies":[{"name":"wp","href":"https:\/\/api.w.org\/{rel}","templated":true}]}}