{"id":5892,"date":"2024-01-27T11:41:52","date_gmt":"2024-01-27T08:41:52","guid":{"rendered":"https:\/\/ozturkiselbiseleri.com\/?post_type=product&#038;p=5892"},"modified":"2024-01-27T11:41:52","modified_gmt":"2024-01-27T08:41:52","slug":"iki-renk-kaban","status":"publish","type":"product","link":"https:\/\/ozturkiselbiseleri.com\/?product=iki-renk-kaban","title":{"rendered":"\u0130ki Renk Kaban"},"content":{"rendered":"<h3 class=\"theme-h3\">\u00dcr\u00fcn Bilgisi<\/h3>\n<div class=\"productcontentnk\">\n<p>Rakipleriyle kar\u015f\u0131la\u015ft\u0131r\u0131ld\u0131\u011f\u0131nda S562 kal\u0131b\u0131, fonksiyonelli\u011fi ile paran\u0131z\u0131n tam kar\u015f\u0131l\u0131\u011f\u0131. Sa\u011flam d\u0131\u015f y\u00fczey birle\u015fim yerlerinden su ge\u00e7irmezli\u011fi sa\u011flamak i\u00e7in \u00f6zel bantlarla yap\u0131\u015ft\u0131r\u0131lm\u0131\u015ft\u0131r. 170 g dolgusu ile sizi s\u0131kmadan s\u0131cak tutar. \u00c7oklu cepleriyle \u00e7ok kullan\u0131\u015fl\u0131.<\/p>\n<ul>\n<li>Dayan\u0131kl\u0131 ve su ge\u00e7irmez diki\u015f yap\u0131s\u0131<\/li>\n<li>\u0130zolasyon i\u00e7in dolgu astarl\u0131<\/li>\n<li>Ekstra koruma sa\u011flayan bantl\u0131 destekli diki\u015fler<\/li>\n<li>Geni\u015f saklama i\u00e7in 8 cepli<\/li>\n<li>\u00c7ok kullan\u0131\u015fl\u0131 cepler<\/li>\n<li>Kalem Cebi<\/li>\n<li>Gizli d\u00fc\u011fme ve fermuarl\u0131 yap\u0131<\/li>\n<li>G\u00fcvenli kullan\u0131m i\u00e7in c\u0131rt bantl\u0131 ayarlanabilir man\u015fetler<\/li>\n<li>Ekstra fonksiyonel katlanabilir ba\u015fl\u0131k<\/li>\n<li>G\u00fcvenli kullan\u0131m i\u00e7in c\u0131rt bantl\u0131 ayarlanabilir man\u015fetler<\/li>\n<\/ul>\n<p><strong>D\u0131\u015f Kuma\u015f:\u00a0<\/strong>100% Polyester, Ripstop, PVC Kaplama 250g<br \/>\n<strong>Astar Kuma\u015f\u0131:<\/strong>\u00a0100% Polyester 55g<br \/>\n<strong>Dolgu Kuma\u015f\u0131:<\/strong>\u00a0100% Polyester 170g<br \/>\n<b>Sertifika:\u00a0<\/b><a title=\" Sertifikalar\u0131 g\u00f6rmek i\u00e7in t\u0131klay\u0131n\u0131z...\" href=\"https:\/\/www.ismont.com.tr\/Sertifika\/S562.pdf\" target=\"_blank\" rel=\"noopener\">EN 343 Class 3:1<\/a><\/div>\n","protected":false},"excerpt":{"rendered":"<p>\u00dcr\u00fcn Bilgisi Rakipleriyle kar\u015f\u0131la\u015ft\u0131r\u0131ld\u0131\u011f\u0131nda S562 kal\u0131b\u0131, fonksiyonelli\u011fi ile paran\u0131z\u0131n tam kar\u015f\u0131l\u0131\u011f\u0131. Sa\u011flam d\u0131\u015f y\u00fczey birle\u015fim yerlerinden su ge\u00e7irmezli\u011fi sa\u011flamak i\u00e7in \u00f6zel bantlarla yap\u0131\u015ft\u0131r\u0131lm\u0131\u015ft\u0131r. 170 g&#8230;<\/p>\n","protected":false},"featured_media":5894,"comment_status":"open","ping_status":"closed","template":"","meta":[],"product_cat":[35,38],"product_tag":[],"_links":{"self":[{"href":"https:\/\/ozturkiselbiseleri.com\/index.php?rest_route=\/wp\/v2\/product\/5892"}],"collection":[{"href":"https:\/\/ozturkiselbiseleri.com\/index.php?rest_route=\/wp\/v2\/product"}],"about":[{"href":"https:\/\/ozturkiselbiseleri.com\/index.php?rest_route=\/wp\/v2\/types\/product"}],"replies":[{"embeddable":true,"href":"https:\/\/ozturkiselbiseleri.com\/index.php?rest_route=%2Fwp%2Fv2%2Fcomments&post=5892"}],"wp:featuredmedia":[{"embeddable":true,"href":"https:\/\/ozturkiselbiseleri.com\/index.php?rest_route=\/wp\/v2\/media\/5894"}],"wp:attachment":[{"href":"https:\/\/ozturkiselbiseleri.com\/index.php?rest_route=%2Fwp%2Fv2%2Fmedia&parent=5892"}],"wp:term":[{"taxonomy":"product_cat","embeddable":true,"href":"https:\/\/ozturkiselbiseleri.com\/index.php?rest_route=%2Fwp%2Fv2%2Fproduct_cat&post=5892"},{"taxonomy":"product_tag","embeddable":true,"href":"https:\/\/ozturkiselbiseleri.com\/index.php?rest_route=%2Fwp%2Fv2%2Fproduct_tag&post=5892"}],"curies":[{"name":"wp","href":"https:\/\/api.w.org\/{rel}","templated":true}]}}