{"id":5895,"date":"2024-01-27T11:42:35","date_gmt":"2024-01-27T08:42:35","guid":{"rendered":"https:\/\/ozturkiselbiseleri.com\/?post_type=product&#038;p=5895"},"modified":"2024-01-27T11:42:35","modified_gmt":"2024-01-27T08:42:35","slug":"dundee-astarli-parka","status":"publish","type":"product","link":"https:\/\/ozturkiselbiseleri.com\/?product=dundee-astarli-parka","title":{"rendered":"Dundee Astarl\u0131 Parka"},"content":{"rendered":"<h3 class=\"theme-h3\">\u00dcr\u00fcn Bilgisi<\/h3>\n<div class=\"productcontentnk\">\n<p>Tam astarl\u0131 klasik su itici ceket makul bir fiyata l\u00fcks sa\u011flar. Giysi \u0131s\u0131y\u0131 tutar ve ki\u015fiye t\u00fcm so\u011fuk hava ko\u015fullar\u0131nda ekstra s\u0131cakl\u0131k sa\u011flar. \u00c7ok say\u0131daki cepleri t\u00fcm saklama ihtiya\u00e7lar\u0131 i\u00e7in yeterli alan sa\u011flar.<\/p>\n<ul>\n<li>Su ge\u00e7irmezli\u011fi ile kullan\u0131c\u0131s\u0131n\u0131 kuru ve konforlu k\u0131lar<\/li>\n<li>\u00a0Ekstra koruma sa\u011flayan bantl\u0131 destekli diki\u015fler<\/li>\n<li>\u0130zolasyon i\u00e7in dolgu astarl\u0131<\/li>\n<li>Kolay kullan\u0131m i\u00e7in \u00e7\u0131t\u00e7\u0131tl\u0131 \u00f6n yap\u0131<\/li>\n<li>H\u0131zl\u0131 kullan\u0131m sa\u011flayan \u00e7ift y\u00f6nl\u00fc fermuar<\/li>\n<li>Geni\u015f saklama i\u00e7in 6 cepli<\/li>\n<li>Kalem Cebi<\/li>\n<li>El \u0131s\u0131t\u0131c\u0131 cepler<\/li>\n<li>Ekstra fonksiyonel katlanabilir ba\u015fl\u0131k<\/li>\n<\/ul>\n<p><strong>D\u0131\u015f Kuma\u015f:<\/strong>\u00a0100% Polyester \u0130pek PVCKaplama 230g<br \/>\n<strong>Astar Kuma\u015f\u0131:<\/strong>\u00a0G\u00f6vde: 100% Cotton Tartan, 130gKollar: 100% Polyester,60g<br \/>\n<strong>Dolgu Kuma\u015f\u0131:<\/strong>\u00a0G\u00f6vde: 100% Polyester Dolgu, 200gKollar: 100%<br \/>\nPolyester Dolgu, 100g<\/div>\n","protected":false},"excerpt":{"rendered":"<p>\u00dcr\u00fcn Bilgisi Tam astarl\u0131 klasik su itici ceket makul bir fiyata l\u00fcks sa\u011flar. Giysi \u0131s\u0131y\u0131 tutar ve ki\u015fiye t\u00fcm so\u011fuk hava ko\u015fullar\u0131nda ekstra s\u0131cakl\u0131k sa\u011flar&#8230;.<\/p>\n","protected":false},"featured_media":5896,"comment_status":"open","ping_status":"closed","template":"","meta":[],"product_cat":[35,38],"product_tag":[],"_links":{"self":[{"href":"https:\/\/ozturkiselbiseleri.com\/index.php?rest_route=\/wp\/v2\/product\/5895"}],"collection":[{"href":"https:\/\/ozturkiselbiseleri.com\/index.php?rest_route=\/wp\/v2\/product"}],"about":[{"href":"https:\/\/ozturkiselbiseleri.com\/index.php?rest_route=\/wp\/v2\/types\/product"}],"replies":[{"embeddable":true,"href":"https:\/\/ozturkiselbiseleri.com\/index.php?rest_route=%2Fwp%2Fv2%2Fcomments&post=5895"}],"wp:featuredmedia":[{"embeddable":true,"href":"https:\/\/ozturkiselbiseleri.com\/index.php?rest_route=\/wp\/v2\/media\/5896"}],"wp:attachment":[{"href":"https:\/\/ozturkiselbiseleri.com\/index.php?rest_route=%2Fwp%2Fv2%2Fmedia&parent=5895"}],"wp:term":[{"taxonomy":"product_cat","embeddable":true,"href":"https:\/\/ozturkiselbiseleri.com\/index.php?rest_route=%2Fwp%2Fv2%2Fproduct_cat&post=5895"},{"taxonomy":"product_tag","embeddable":true,"href":"https:\/\/ozturkiselbiseleri.com\/index.php?rest_route=%2Fwp%2Fv2%2Fproduct_tag&post=5895"}],"curies":[{"name":"wp","href":"https:\/\/api.w.org\/{rel}","templated":true}]}}