{"id":5898,"date":"2024-01-27T11:44:14","date_gmt":"2024-01-27T08:44:14","guid":{"rendered":"https:\/\/ozturkiselbiseleri.com\/?post_type=product&#038;p=5898"},"modified":"2024-01-27T11:44:14","modified_gmt":"2024-01-27T08:44:14","slug":"cerva-dayboro-bahcivan-tulum-siyah","status":"publish","type":"product","link":"https:\/\/ozturkiselbiseleri.com\/?product=cerva-dayboro-bahcivan-tulum-siyah","title":{"rendered":"Cerva Dayboro Bah\u00e7\u0131van Tulum Siyah"},"content":{"rendered":"<h3 class=\"theme-h3\">\u00dcr\u00fcn Bilgisi<\/h3>\n<div class=\"productcontentnk\">\n<ul>\n<li>Elastik bel yap\u0131s\u0131<\/li>\n<li>Oxford 600D kuma\u015f takviyeli dizlik yuvalar\u0131<\/li>\n<li>Alet ask\u0131s\u0131<\/li>\n<li>Geni\u015f ve kullan\u0131\u015fl\u0131 cepler<\/li>\n<li>Bacak i\u00e7i ve kas\u0131klarda dayan\u0131kl\u0131 \u00fc\u00e7l\u00fc diki\u015f uygulanm\u0131\u015ft\u0131r<\/li>\n<\/ul>\n<p><b>Kuma\u015f:<\/b><br \/>\nGiysi \u00fcst tabakas\u0131: %62 pamuk , %35 polyester , %3 Spandex, 260 g\/m\u00b2, TRIFIBETEX<br \/>\nGiysi \u00fcst takviyesi: %100 polyester (Oxford)<br \/>\n<b>Standartlar:\u00a0<\/b>EN ISO 13688<\/div>\n","protected":false},"excerpt":{"rendered":"<p>\u00dcr\u00fcn Bilgisi Elastik bel yap\u0131s\u0131 Oxford 600D kuma\u015f takviyeli dizlik yuvalar\u0131 Alet ask\u0131s\u0131 Geni\u015f ve kullan\u0131\u015fl\u0131 cepler Bacak i\u00e7i ve kas\u0131klarda dayan\u0131kl\u0131 \u00fc\u00e7l\u00fc diki\u015f uygulanm\u0131\u015ft\u0131r&#8230;<\/p>\n","protected":false},"featured_media":5901,"comment_status":"open","ping_status":"closed","template":"","meta":[],"product_cat":[35,49],"product_tag":[],"_links":{"self":[{"href":"https:\/\/ozturkiselbiseleri.com\/index.php?rest_route=\/wp\/v2\/product\/5898"}],"collection":[{"href":"https:\/\/ozturkiselbiseleri.com\/index.php?rest_route=\/wp\/v2\/product"}],"about":[{"href":"https:\/\/ozturkiselbiseleri.com\/index.php?rest_route=\/wp\/v2\/types\/product"}],"replies":[{"embeddable":true,"href":"https:\/\/ozturkiselbiseleri.com\/index.php?rest_route=%2Fwp%2Fv2%2Fcomments&post=5898"}],"wp:featuredmedia":[{"embeddable":true,"href":"https:\/\/ozturkiselbiseleri.com\/index.php?rest_route=\/wp\/v2\/media\/5901"}],"wp:attachment":[{"href":"https:\/\/ozturkiselbiseleri.com\/index.php?rest_route=%2Fwp%2Fv2%2Fmedia&parent=5898"}],"wp:term":[{"taxonomy":"product_cat","embeddable":true,"href":"https:\/\/ozturkiselbiseleri.com\/index.php?rest_route=%2Fwp%2Fv2%2Fproduct_cat&post=5898"},{"taxonomy":"product_tag","embeddable":true,"href":"https:\/\/ozturkiselbiseleri.com\/index.php?rest_route=%2Fwp%2Fv2%2Fproduct_tag&post=5898"}],"curies":[{"name":"wp","href":"https:\/\/api.w.org\/{rel}","templated":true}]}}