{"id":5902,"date":"2024-01-27T11:45:10","date_gmt":"2024-01-27T08:45:10","guid":{"rendered":"https:\/\/ozturkiselbiseleri.com\/?post_type=product&#038;p=5902"},"modified":"2024-01-27T11:45:10","modified_gmt":"2024-01-27T08:45:10","slug":"cerva-carbl-be-bahcivan-tulum-gri-siyah","status":"publish","type":"product","link":"https:\/\/ozturkiselbiseleri.com\/?product=cerva-carbl-be-bahcivan-tulum-gri-siyah","title":{"rendered":"Cerva Carbl Be Bah\u00e7\u0131van Tulum Gri-Siyah"},"content":{"rendered":"<h3 class=\"theme-h3\">\u00dcr\u00fcn Bilgisi<\/h3>\n<div class=\"productcontentnk\">\n<h4>Renk bloklu modern tasar\u0131m!<\/h4>\n<ul>\n<li>Fonksiyonel \u00e7oklu cepler<\/li>\n<li>Elastik ask\u0131lar<\/li>\n<li>Yanlar\u0131 d\u00fc\u011fmeli<\/li>\n<li>Takviyeli dizlik yuvarlar\u0131<\/li>\n<\/ul>\n<p><b>Kuma\u015f:<\/b>\u00a0%80 Polyester, %20 Pamuk &#8211; 235 gr\/m\u00b2<\/p>\n<\/div>\n","protected":false},"excerpt":{"rendered":"<p>\u00dcr\u00fcn Bilgisi Renk bloklu modern tasar\u0131m! Fonksiyonel \u00e7oklu cepler Elastik ask\u0131lar Yanlar\u0131 d\u00fc\u011fmeli Takviyeli dizlik yuvarlar\u0131 Kuma\u015f:\u00a0%80 Polyester, %20 Pamuk &#8211; 235 gr\/m\u00b2<\/p>\n","protected":false},"featured_media":5904,"comment_status":"open","ping_status":"closed","template":"","meta":[],"product_cat":[35,49],"product_tag":[],"_links":{"self":[{"href":"https:\/\/ozturkiselbiseleri.com\/index.php?rest_route=\/wp\/v2\/product\/5902"}],"collection":[{"href":"https:\/\/ozturkiselbiseleri.com\/index.php?rest_route=\/wp\/v2\/product"}],"about":[{"href":"https:\/\/ozturkiselbiseleri.com\/index.php?rest_route=\/wp\/v2\/types\/product"}],"replies":[{"embeddable":true,"href":"https:\/\/ozturkiselbiseleri.com\/index.php?rest_route=%2Fwp%2Fv2%2Fcomments&post=5902"}],"wp:featuredmedia":[{"embeddable":true,"href":"https:\/\/ozturkiselbiseleri.com\/index.php?rest_route=\/wp\/v2\/media\/5904"}],"wp:attachment":[{"href":"https:\/\/ozturkiselbiseleri.com\/index.php?rest_route=%2Fwp%2Fv2%2Fmedia&parent=5902"}],"wp:term":[{"taxonomy":"product_cat","embeddable":true,"href":"https:\/\/ozturkiselbiseleri.com\/index.php?rest_route=%2Fwp%2Fv2%2Fproduct_cat&post=5902"},{"taxonomy":"product_tag","embeddable":true,"href":"https:\/\/ozturkiselbiseleri.com\/index.php?rest_route=%2Fwp%2Fv2%2Fproduct_tag&post=5902"}],"curies":[{"name":"wp","href":"https:\/\/api.w.org\/{rel}","templated":true}]}}