{"id":5905,"date":"2024-01-27T11:45:59","date_gmt":"2024-01-27T08:45:59","guid":{"rendered":"https:\/\/ozturkiselbiseleri.com\/?post_type=product&#038;p=5905"},"modified":"2024-01-27T11:45:59","modified_gmt":"2024-01-27T08:45:59","slug":"cotton-tulum","status":"publish","type":"product","link":"https:\/\/ozturkiselbiseleri.com\/?product=cotton-tulum","title":{"rendered":"Cotton Tulum"},"content":{"rendered":"<h3 class=\"theme-h3\">\u00dcr\u00fcn Bilgisi<\/h3>\n<div class=\"productcontentnk\">\n<h4>%100 pamuk kuma\u015f\u0131yla \u00fcst\u00fcn nem emme \u00f6zelli\u011fine sahip Cotton Tulum, \u0131s\u0131y\u0131 d\u0131\u015far\u0131ya atarak sizi serin tutar.<\/h4>\n<ul>\n<li>Fermuarl\u0131 \u00f6n kapama sistemi<\/li>\n<li>G\u00f6\u011f\u00fcste fermuarl\u0131 \u00fcstten cepler<\/li>\n<li>Sol kolda kalemlik cebi<\/li>\n<li>Yanlarda yan cepler<\/li>\n<li>Sa\u011fda alet cebi<\/li>\n<li>Bel arkas\u0131 lasikli<\/li>\n<li>Arkada \u00e7ift cep<\/li>\n<li>Omuzlar, kollar ve pa\u00e7alarda 50 mm reflektif bantlar<\/li>\n<\/ul>\n<p><b>Kuma\u015f: %100 Pamuk, 275 gr\/m\u00b2<\/b><\/p>\n<\/div>\n","protected":false},"excerpt":{"rendered":"<p>\u00dcr\u00fcn Bilgisi %100 pamuk kuma\u015f\u0131yla \u00fcst\u00fcn nem emme \u00f6zelli\u011fine sahip Cotton Tulum, \u0131s\u0131y\u0131 d\u0131\u015far\u0131ya atarak sizi serin tutar. Fermuarl\u0131 \u00f6n kapama sistemi G\u00f6\u011f\u00fcste fermuarl\u0131 \u00fcstten&#8230;<\/p>\n","protected":false},"featured_media":5906,"comment_status":"open","ping_status":"closed","template":"","meta":[],"product_cat":[35,49],"product_tag":[],"_links":{"self":[{"href":"https:\/\/ozturkiselbiseleri.com\/index.php?rest_route=\/wp\/v2\/product\/5905"}],"collection":[{"href":"https:\/\/ozturkiselbiseleri.com\/index.php?rest_route=\/wp\/v2\/product"}],"about":[{"href":"https:\/\/ozturkiselbiseleri.com\/index.php?rest_route=\/wp\/v2\/types\/product"}],"replies":[{"embeddable":true,"href":"https:\/\/ozturkiselbiseleri.com\/index.php?rest_route=%2Fwp%2Fv2%2Fcomments&post=5905"}],"wp:featuredmedia":[{"embeddable":true,"href":"https:\/\/ozturkiselbiseleri.com\/index.php?rest_route=\/wp\/v2\/media\/5906"}],"wp:attachment":[{"href":"https:\/\/ozturkiselbiseleri.com\/index.php?rest_route=%2Fwp%2Fv2%2Fmedia&parent=5905"}],"wp:term":[{"taxonomy":"product_cat","embeddable":true,"href":"https:\/\/ozturkiselbiseleri.com\/index.php?rest_route=%2Fwp%2Fv2%2Fproduct_cat&post=5905"},{"taxonomy":"product_tag","embeddable":true,"href":"https:\/\/ozturkiselbiseleri.com\/index.php?rest_route=%2Fwp%2Fv2%2Fproduct_tag&post=5905"}],"curies":[{"name":"wp","href":"https:\/\/api.w.org\/{rel}","templated":true}]}}