{"id":5907,"date":"2024-01-27T11:47:17","date_gmt":"2024-01-27T08:47:17","guid":{"rendered":"https:\/\/ozturkiselbiseleri.com\/?post_type=product&#038;p=5907"},"modified":"2024-01-27T11:47:17","modified_gmt":"2024-01-27T08:47:17","slug":"is-tulumu-tamirci-tulumu","status":"publish","type":"product","link":"https:\/\/ozturkiselbiseleri.com\/?product=is-tulumu-tamirci-tulumu","title":{"rendered":"\u0130\u015f Tulumu &#8211; Tamirci Tulumu"},"content":{"rendered":"<h3 class=\"theme-h3\">\u00dcr\u00fcn Bilgisi<\/h3>\n<div class=\"productcontentnk\">\n<ul>\n<li>Hakim yaka<\/li>\n<li>Gizli fermuarl\u0131 \u00f6n kapama<\/li>\n<li>Sa\u011f ve sol g\u00f6\u011f\u00fcste fermuarl\u0131 \u00fcstten cepler<\/li>\n<li>\u00d6n sa\u011f ve solda \u00fcstten cepler<\/li>\n<li>Arkada \u00e7ift cep<\/li>\n<li>Sa\u011f yanda alet cebi<\/li>\n<li>Kol a\u011f\u0131zlar\u0131 man\u015fetli<\/li>\n<li>Bel arkas\u0131 lastikli<\/li>\n<\/ul>\n<p><strong>Kuma\u015f:\u00a0<\/strong>%100 Pamuk 275 gr \/m\u00b2<\/div>\n<p><a title=\"Tamirci Tulumu\" href=\"https:\/\/www.ismont.com.tr\/tamirci-tulumu\">Tamirci Tulumu<\/a><\/p>\n","protected":false},"excerpt":{"rendered":"<p>\u00dcr\u00fcn Bilgisi Hakim yaka Gizli fermuarl\u0131 \u00f6n kapama Sa\u011f ve sol g\u00f6\u011f\u00fcste fermuarl\u0131 \u00fcstten cepler \u00d6n sa\u011f ve solda \u00fcstten cepler Arkada \u00e7ift cep Sa\u011f&#8230;<\/p>\n","protected":false},"featured_media":5910,"comment_status":"open","ping_status":"closed","template":"","meta":[],"product_cat":[35,49],"product_tag":[],"_links":{"self":[{"href":"https:\/\/ozturkiselbiseleri.com\/index.php?rest_route=\/wp\/v2\/product\/5907"}],"collection":[{"href":"https:\/\/ozturkiselbiseleri.com\/index.php?rest_route=\/wp\/v2\/product"}],"about":[{"href":"https:\/\/ozturkiselbiseleri.com\/index.php?rest_route=\/wp\/v2\/types\/product"}],"replies":[{"embeddable":true,"href":"https:\/\/ozturkiselbiseleri.com\/index.php?rest_route=%2Fwp%2Fv2%2Fcomments&post=5907"}],"wp:featuredmedia":[{"embeddable":true,"href":"https:\/\/ozturkiselbiseleri.com\/index.php?rest_route=\/wp\/v2\/media\/5910"}],"wp:attachment":[{"href":"https:\/\/ozturkiselbiseleri.com\/index.php?rest_route=%2Fwp%2Fv2%2Fmedia&parent=5907"}],"wp:term":[{"taxonomy":"product_cat","embeddable":true,"href":"https:\/\/ozturkiselbiseleri.com\/index.php?rest_route=%2Fwp%2Fv2%2Fproduct_cat&post=5907"},{"taxonomy":"product_tag","embeddable":true,"href":"https:\/\/ozturkiselbiseleri.com\/index.php?rest_route=%2Fwp%2Fv2%2Fproduct_tag&post=5907"}],"curies":[{"name":"wp","href":"https:\/\/api.w.org\/{rel}","templated":true}]}}