{"id":5911,"date":"2024-01-27T11:48:05","date_gmt":"2024-01-27T08:48:05","guid":{"rendered":"https:\/\/ozturkiselbiseleri.com\/?post_type=product&#038;p=5911"},"modified":"2024-01-27T11:48:05","modified_gmt":"2024-01-27T08:48:05","slug":"bahcivan-tulum","status":"publish","type":"product","link":"https:\/\/ozturkiselbiseleri.com\/?product=bahcivan-tulum","title":{"rendered":"Bah\u00e7\u0131van Tulum"},"content":{"rendered":"<h3 class=\"theme-h3\">\u00dcr\u00fcn Bilgisi<\/h3>\n<div class=\"productcontentnk\">\n<p>%100 Pamuk kuma\u015ftan \u00fcretilmi\u015f bah\u00e7\u0131van tulumlar konfor, sa\u011flaml\u0131k ve dayan\u0131kl\u0131l\u0131k \u00f6n planda tutularak tasarlanm\u0131\u015ft\u0131r.<\/p>\n<ul>\n<li>\u00d6n ortada fermuarl\u0131 cep<\/li>\n<li>Pantolon yanlarda \u00fcstten cepler<\/li>\n<li>Bel formu yanlardan ayarlanabilir (d\u00fc\u011fmeli)<\/li>\n<li>Rahat hareket i\u00e7in ask\u0131l\u0131k arkalar\u0131 lastikli<\/li>\n<\/ul>\n<\/div>\n","protected":false},"excerpt":{"rendered":"<p>\u00dcr\u00fcn Bilgisi %100 Pamuk kuma\u015ftan \u00fcretilmi\u015f bah\u00e7\u0131van tulumlar konfor, sa\u011flaml\u0131k ve dayan\u0131kl\u0131l\u0131k \u00f6n planda tutularak tasarlanm\u0131\u015ft\u0131r. \u00d6n ortada fermuarl\u0131 cep Pantolon yanlarda \u00fcstten cepler Bel&#8230;<\/p>\n","protected":false},"featured_media":5912,"comment_status":"open","ping_status":"closed","template":"","meta":[],"product_cat":[35,49],"product_tag":[],"_links":{"self":[{"href":"https:\/\/ozturkiselbiseleri.com\/index.php?rest_route=\/wp\/v2\/product\/5911"}],"collection":[{"href":"https:\/\/ozturkiselbiseleri.com\/index.php?rest_route=\/wp\/v2\/product"}],"about":[{"href":"https:\/\/ozturkiselbiseleri.com\/index.php?rest_route=\/wp\/v2\/types\/product"}],"replies":[{"embeddable":true,"href":"https:\/\/ozturkiselbiseleri.com\/index.php?rest_route=%2Fwp%2Fv2%2Fcomments&post=5911"}],"wp:featuredmedia":[{"embeddable":true,"href":"https:\/\/ozturkiselbiseleri.com\/index.php?rest_route=\/wp\/v2\/media\/5912"}],"wp:attachment":[{"href":"https:\/\/ozturkiselbiseleri.com\/index.php?rest_route=%2Fwp%2Fv2%2Fmedia&parent=5911"}],"wp:term":[{"taxonomy":"product_cat","embeddable":true,"href":"https:\/\/ozturkiselbiseleri.com\/index.php?rest_route=%2Fwp%2Fv2%2Fproduct_cat&post=5911"},{"taxonomy":"product_tag","embeddable":true,"href":"https:\/\/ozturkiselbiseleri.com\/index.php?rest_route=%2Fwp%2Fv2%2Fproduct_tag&post=5911"}],"curies":[{"name":"wp","href":"https:\/\/api.w.org\/{rel}","templated":true}]}}