{"id":5915,"date":"2024-01-27T11:49:35","date_gmt":"2024-01-27T08:49:35","guid":{"rendered":"https:\/\/ozturkiselbiseleri.com\/?post_type=product&#038;p=5915"},"modified":"2024-01-27T11:49:35","modified_gmt":"2024-01-27T08:49:35","slug":"poyraz-hi-vis-uzun-yagmurluk","status":"publish","type":"product","link":"https:\/\/ozturkiselbiseleri.com\/?product=poyraz-hi-vis-uzun-yagmurluk","title":{"rendered":"Poyraz Hi-Vis Uzun Ya\u011fmurluk"},"content":{"rendered":"<h3 class=\"theme-h3\">\u00dcr\u00fcn Bilgisi<\/h3>\n<div class=\"productcontentnk\">\n<ul>\n<li>\u00d6n\u00fc fermuarl\u0131, \u00fczerinde r\u00fczgar koruyucu<\/li>\n<li>\u00d6n, arka beden ve kollarda reflektif bantlar<\/li>\n<li>G\u00fcvenli ta\u015f\u0131ma i\u00e7in 2 geni\u015f cep<\/li>\n<li>Gizlenebilir kap\u00fc\u015fon<\/li>\n<li>Gizli elastik kol man\u015fetleri<\/li>\n<\/ul>\n<p><b>Kuma\u015f:<\/b><br \/>\n%100 Polyester, PVC Kaplama &#8211; 145 gr\/m\u00b2<br \/>\n<b>Sertifika:<\/b><br \/>\nEN ISO 20471 Class 3<br \/>\nEN 343 Class 4+3<\/div>\n","protected":false},"excerpt":{"rendered":"<p>\u00dcr\u00fcn Bilgisi \u00d6n\u00fc fermuarl\u0131, \u00fczerinde r\u00fczgar koruyucu \u00d6n, arka beden ve kollarda reflektif bantlar G\u00fcvenli ta\u015f\u0131ma i\u00e7in 2 geni\u015f cep Gizlenebilir kap\u00fc\u015fon Gizli elastik kol&#8230;<\/p>\n","protected":false},"featured_media":5916,"comment_status":"open","ping_status":"closed","template":"","meta":[],"product_cat":[35,40],"product_tag":[],"_links":{"self":[{"href":"https:\/\/ozturkiselbiseleri.com\/index.php?rest_route=\/wp\/v2\/product\/5915"}],"collection":[{"href":"https:\/\/ozturkiselbiseleri.com\/index.php?rest_route=\/wp\/v2\/product"}],"about":[{"href":"https:\/\/ozturkiselbiseleri.com\/index.php?rest_route=\/wp\/v2\/types\/product"}],"replies":[{"embeddable":true,"href":"https:\/\/ozturkiselbiseleri.com\/index.php?rest_route=%2Fwp%2Fv2%2Fcomments&post=5915"}],"wp:featuredmedia":[{"embeddable":true,"href":"https:\/\/ozturkiselbiseleri.com\/index.php?rest_route=\/wp\/v2\/media\/5916"}],"wp:attachment":[{"href":"https:\/\/ozturkiselbiseleri.com\/index.php?rest_route=%2Fwp%2Fv2%2Fmedia&parent=5915"}],"wp:term":[{"taxonomy":"product_cat","embeddable":true,"href":"https:\/\/ozturkiselbiseleri.com\/index.php?rest_route=%2Fwp%2Fv2%2Fproduct_cat&post=5915"},{"taxonomy":"product_tag","embeddable":true,"href":"https:\/\/ozturkiselbiseleri.com\/index.php?rest_route=%2Fwp%2Fv2%2Fproduct_tag&post=5915"}],"curies":[{"name":"wp","href":"https:\/\/api.w.org\/{rel}","templated":true}]}}