{"id":5920,"date":"2024-01-27T11:51:00","date_gmt":"2024-01-27T08:51:00","guid":{"rendered":"https:\/\/ozturkiselbiseleri.com\/?post_type=product&#038;p=5920"},"modified":"2024-01-27T11:51:00","modified_gmt":"2024-01-27T08:51:00","slug":"poyraz-yagmur-ceketi","status":"publish","type":"product","link":"https:\/\/ozturkiselbiseleri.com\/?product=poyraz-yagmur-ceketi","title":{"rendered":"Poyraz Ya\u011fmur Ceketi"},"content":{"rendered":"<h3 class=\"theme-h3\">\u00dcr\u00fcn Bilgisi<\/h3>\n<div class=\"productcontentnk\">\n<ul>\n<li>\u00d6n, arka beden ve reflektif bantlar<\/li>\n<li>G\u00fcvenli ta\u015f\u0131ma i\u00e7in 2 geni\u015f cep<\/li>\n<li>Gizlenebilir kap\u00fc\u015fon<\/li>\n<li>Elastik i\u00e7 man\u015fetli yap\u0131<\/li>\n<li>\u00dcst\u00fcn nefes alabilir ve konforlu arka yap\u0131 dizayn\u0131<\/li>\n<li>\u00dcst\u00fcn su diren\u00e7li kuma\u015f ile su zerreciklerini uzak tutar<\/li>\n<\/ul>\n<p><b>D\u0131\u015f Kuma\u015f:<\/b><br \/>\n%100 Polyester, PVC Kaplama &#8211; 145 gr\/m\u00b2<br \/>\n<b>Astar Kuma\u015f\u0131:<\/b><br \/>\nEnsede %100 Polyester File &#8211; 60 gr\/m\u00b2<br \/>\n<b>Sertifika:<\/b><br \/>\nEN 343:2019, EN ISO 13688:2013<\/div>\n","protected":false},"excerpt":{"rendered":"<p>\u00dcr\u00fcn Bilgisi \u00d6n, arka beden ve reflektif bantlar G\u00fcvenli ta\u015f\u0131ma i\u00e7in 2 geni\u015f cep Gizlenebilir kap\u00fc\u015fon Elastik i\u00e7 man\u015fetli yap\u0131 \u00dcst\u00fcn nefes alabilir ve konforlu&#8230;<\/p>\n","protected":false},"featured_media":5921,"comment_status":"open","ping_status":"closed","template":"","meta":[],"product_cat":[35,40],"product_tag":[],"_links":{"self":[{"href":"https:\/\/ozturkiselbiseleri.com\/index.php?rest_route=\/wp\/v2\/product\/5920"}],"collection":[{"href":"https:\/\/ozturkiselbiseleri.com\/index.php?rest_route=\/wp\/v2\/product"}],"about":[{"href":"https:\/\/ozturkiselbiseleri.com\/index.php?rest_route=\/wp\/v2\/types\/product"}],"replies":[{"embeddable":true,"href":"https:\/\/ozturkiselbiseleri.com\/index.php?rest_route=%2Fwp%2Fv2%2Fcomments&post=5920"}],"wp:featuredmedia":[{"embeddable":true,"href":"https:\/\/ozturkiselbiseleri.com\/index.php?rest_route=\/wp\/v2\/media\/5921"}],"wp:attachment":[{"href":"https:\/\/ozturkiselbiseleri.com\/index.php?rest_route=%2Fwp%2Fv2%2Fmedia&parent=5920"}],"wp:term":[{"taxonomy":"product_cat","embeddable":true,"href":"https:\/\/ozturkiselbiseleri.com\/index.php?rest_route=%2Fwp%2Fv2%2Fproduct_cat&post=5920"},{"taxonomy":"product_tag","embeddable":true,"href":"https:\/\/ozturkiselbiseleri.com\/index.php?rest_route=%2Fwp%2Fv2%2Fproduct_tag&post=5920"}],"curies":[{"name":"wp","href":"https:\/\/api.w.org\/{rel}","templated":true}]}}