{"id":5923,"date":"2024-01-27T11:51:44","date_gmt":"2024-01-27T08:51:44","guid":{"rendered":"https:\/\/ozturkiselbiseleri.com\/?post_type=product&#038;p=5923"},"modified":"2024-01-27T11:51:44","modified_gmt":"2024-01-27T08:51:44","slug":"sari-yagmurluk-erkek","status":"publish","type":"product","link":"https:\/\/ozturkiselbiseleri.com\/?product=sari-yagmurluk-erkek","title":{"rendered":"Sar\u0131 Ya\u011fmurluk Erkek"},"content":{"rendered":"<h3 class=\"theme-h3\">\u00dcr\u00fcn Bilgisi<\/h3>\n<div class=\"productcontentnk\">\n<p>K\u00f6t\u00fc hava \u015fartlar\u0131 i\u00e7in dizayn edilmi\u015ftir. Bu klasik ya\u011fmurluk sadece pratik ve dayan\u0131kl\u0131 de\u011fil ayr\u0131ca \u00e7ok da ekonomiktir. Katlanmak suretiyle kolayca saklanabilir.<\/p>\n<ul>\n<li>Su ge\u00e7irmezli\u011fi ile kullan\u0131c\u0131s\u0131n\u0131 kuru ve konforlu k\u0131lar<\/li>\n<li>Ekstra koruma sa\u011flayan bantl\u0131 destekli diki\u015fler<\/li>\n<li>G\u00fcvenli ta\u015f\u0131ma i\u00e7in 2 cep<\/li>\n<li>Ekstra fonksiyonel katlanabilir ba\u015fl\u0131k<\/li>\n<li>\u00dcst\u00fcn nefes alabilir ve konforlu arka yap\u0131 dizayn\u0131<\/li>\n<li>Perakende sat\u0131\u015f\u0131 destekleyen \u00f6zel paket dizayn\u0131<\/li>\n<li>Konforlu kullan\u0131m i\u00e7in geni\u015f kesim<\/li>\n<li>\u00a0\u00dcst\u00fcn su diren\u00e7li kuma\u015f ile su zerreciklerini uzak tutar.<\/li>\n<li>\u00a0UPF 50+ oran\u0131 ile UV \u0131\u015f\u0131nlar\u0131n\u0131n %98&#8217;ini bloklar<\/li>\n<\/ul>\n<p><b>Kuma\u015f: %<\/b>100\u00a0Polyester, PVC Kaplama 210g<br \/>\n<b>Sertifika:\u00a0<\/b><a title=\"Sertifikalar\u0131 g\u00f6rmek i\u00e7in t\u0131klay\u0131n\u0131z...\" href=\"https:\/\/www.ismont.com.tr\/Sertifika\/S440.pdf\" target=\"_blank\" rel=\"noopener\">EN343 Class 3:1<\/a><\/div>\n","protected":false},"excerpt":{"rendered":"<p>\u00dcr\u00fcn Bilgisi K\u00f6t\u00fc hava \u015fartlar\u0131 i\u00e7in dizayn edilmi\u015ftir. Bu klasik ya\u011fmurluk sadece pratik ve dayan\u0131kl\u0131 de\u011fil ayr\u0131ca \u00e7ok da ekonomiktir. Katlanmak suretiyle kolayca saklanabilir. Su&#8230;<\/p>\n","protected":false},"featured_media":5926,"comment_status":"open","ping_status":"closed","template":"","meta":[],"product_cat":[35,40],"product_tag":[],"_links":{"self":[{"href":"https:\/\/ozturkiselbiseleri.com\/index.php?rest_route=\/wp\/v2\/product\/5923"}],"collection":[{"href":"https:\/\/ozturkiselbiseleri.com\/index.php?rest_route=\/wp\/v2\/product"}],"about":[{"href":"https:\/\/ozturkiselbiseleri.com\/index.php?rest_route=\/wp\/v2\/types\/product"}],"replies":[{"embeddable":true,"href":"https:\/\/ozturkiselbiseleri.com\/index.php?rest_route=%2Fwp%2Fv2%2Fcomments&post=5923"}],"wp:featuredmedia":[{"embeddable":true,"href":"https:\/\/ozturkiselbiseleri.com\/index.php?rest_route=\/wp\/v2\/media\/5926"}],"wp:attachment":[{"href":"https:\/\/ozturkiselbiseleri.com\/index.php?rest_route=%2Fwp%2Fv2%2Fmedia&parent=5923"}],"wp:term":[{"taxonomy":"product_cat","embeddable":true,"href":"https:\/\/ozturkiselbiseleri.com\/index.php?rest_route=%2Fwp%2Fv2%2Fproduct_cat&post=5923"},{"taxonomy":"product_tag","embeddable":true,"href":"https:\/\/ozturkiselbiseleri.com\/index.php?rest_route=%2Fwp%2Fv2%2Fproduct_tag&post=5923"}],"curies":[{"name":"wp","href":"https:\/\/api.w.org\/{rel}","templated":true}]}}