{"id":5928,"date":"2024-01-27T11:52:37","date_gmt":"2024-01-27T08:52:37","guid":{"rendered":"https:\/\/ozturkiselbiseleri.com\/?post_type=product&#038;p=5928"},"modified":"2024-01-27T11:52:37","modified_gmt":"2024-01-27T08:52:37","slug":"cerva-emerton-vest-yelek","status":"publish","type":"product","link":"https:\/\/ozturkiselbiseleri.com\/?product=cerva-emerton-vest-yelek","title":{"rendered":"Cerva Emerton Vest Yelek"},"content":{"rendered":"<div class=\"row\">\n<div class=\"col-xs-12 col-sm-6 col-lg-4\">\n<div class=\"product-detail\" data-active=\"0000000000000\" data-stokgizle=\"\">\n<div class=\"product-detail-inner sticky onbottom\">\n<div class=\"detail\">\n<h3 class=\"theme-h3\">\u00dcr\u00fcn Bilgisi<\/h3>\n<div class=\"productcontentnk\">\n<ul>\n<li>\u00d6n\u00fc fermuarl\u0131<\/li>\n<li>Dayan\u0131kl\u0131 ve rahat<\/li>\n<li>2 bel cebi, 2 g\u00f6\u011f\u00fcs cebi ve ekstra mobil cebi bulunmaktad\u0131r<\/li>\n<li>Y\u0131pranmaya m\u00fcsait k\u0131s\u0131mlar 600D Oxford kuma\u015f detaylar\u0131yla g\u00fc\u00e7lendirilmi\u015ftir<\/li>\n<\/ul>\n<p><b>Kuma\u015f:<\/b><br \/>\nGiysi \u00fcst katman\u0131: %65 polyester , %35 pamuk, 270 g\/m\u00b2<br \/>\nGiysi \u00fcst takviyesi: %100 polyester, OXFORD<br \/>\n<b>Standartlar:\u00a0<\/b>EN ISO 13688 &#8211; Koruyucu giysi, Genel Gereksinimler<\/div>\n<\/div>\n<\/div>\n<\/div>\n<\/div>\n<\/div>\n<div class=\"product-nav\">\n<div class=\"container\">\n<div class=\"product-nav-inner\"><\/div>\n<\/div>\n<\/div>\n","protected":false},"excerpt":{"rendered":"<p>\u00dcr\u00fcn Bilgisi \u00d6n\u00fc fermuarl\u0131 Dayan\u0131kl\u0131 ve rahat 2 bel cebi, 2 g\u00f6\u011f\u00fcs cebi ve ekstra mobil cebi bulunmaktad\u0131r Y\u0131pranmaya m\u00fcsait k\u0131s\u0131mlar 600D Oxford kuma\u015f detaylar\u0131yla&#8230;<\/p>\n","protected":false},"featured_media":5929,"comment_status":"open","ping_status":"closed","template":"","meta":[],"product_cat":[35,50],"product_tag":[],"_links":{"self":[{"href":"https:\/\/ozturkiselbiseleri.com\/index.php?rest_route=\/wp\/v2\/product\/5928"}],"collection":[{"href":"https:\/\/ozturkiselbiseleri.com\/index.php?rest_route=\/wp\/v2\/product"}],"about":[{"href":"https:\/\/ozturkiselbiseleri.com\/index.php?rest_route=\/wp\/v2\/types\/product"}],"replies":[{"embeddable":true,"href":"https:\/\/ozturkiselbiseleri.com\/index.php?rest_route=%2Fwp%2Fv2%2Fcomments&post=5928"}],"wp:featuredmedia":[{"embeddable":true,"href":"https:\/\/ozturkiselbiseleri.com\/index.php?rest_route=\/wp\/v2\/media\/5929"}],"wp:attachment":[{"href":"https:\/\/ozturkiselbiseleri.com\/index.php?rest_route=%2Fwp%2Fv2%2Fmedia&parent=5928"}],"wp:term":[{"taxonomy":"product_cat","embeddable":true,"href":"https:\/\/ozturkiselbiseleri.com\/index.php?rest_route=%2Fwp%2Fv2%2Fproduct_cat&post=5928"},{"taxonomy":"product_tag","embeddable":true,"href":"https:\/\/ozturkiselbiseleri.com\/index.php?rest_route=%2Fwp%2Fv2%2Fproduct_tag&post=5928"}],"curies":[{"name":"wp","href":"https:\/\/api.w.org\/{rel}","templated":true}]}}