{"id":5930,"date":"2024-01-27T11:53:29","date_gmt":"2024-01-27T08:53:29","guid":{"rendered":"https:\/\/ozturkiselbiseleri.com\/?post_type=product&#038;p=5930"},"modified":"2024-01-27T11:53:29","modified_gmt":"2024-01-27T08:53:29","slug":"ism-combo-yelek","status":"publish","type":"product","link":"https:\/\/ozturkiselbiseleri.com\/?product=ism-combo-yelek","title":{"rendered":"ISM Combo Yelek"},"content":{"rendered":"<h3 class=\"theme-h3\">\u00dcr\u00fcn Bilgisi<\/h3>\n<div class=\"productcontentnk\">\n<ul>\n<li>Y\u00fcksek yaka<\/li>\n<li>\u00d6n\u00fc fermuarl\u0131<\/li>\n<li>Yanlarda fermuarl\u0131 cepler<\/li>\n<li>Fermuar ba\u015fl\u0131klar\u0131 k\u0131rm\u0131z\u0131 aksesuarl\u0131<\/li>\n<li>\u00d6n ve arka beden kapitoneli<\/li>\n<\/ul>\n<p><b>Kuma\u015f:\u00a0<\/b><b>Yanlar ve yaka<\/b>, %100 Pamuk, 350 gr\/m\u00b2 &#8211;\u00a0<b>Beden<\/b>, %100 Polyester,\u00a0120 gr\/m\u00b2<\/p>\n<\/div>\n","protected":false},"excerpt":{"rendered":"<p>\u00dcr\u00fcn Bilgisi Y\u00fcksek yaka \u00d6n\u00fc fermuarl\u0131 Yanlarda fermuarl\u0131 cepler Fermuar ba\u015fl\u0131klar\u0131 k\u0131rm\u0131z\u0131 aksesuarl\u0131 \u00d6n ve arka beden kapitoneli Kuma\u015f:\u00a0Yanlar ve yaka, %100 Pamuk, 350 gr\/m\u00b2&#8230;<\/p>\n","protected":false},"featured_media":5931,"comment_status":"open","ping_status":"closed","template":"","meta":[],"product_cat":[35,50],"product_tag":[],"_links":{"self":[{"href":"https:\/\/ozturkiselbiseleri.com\/index.php?rest_route=\/wp\/v2\/product\/5930"}],"collection":[{"href":"https:\/\/ozturkiselbiseleri.com\/index.php?rest_route=\/wp\/v2\/product"}],"about":[{"href":"https:\/\/ozturkiselbiseleri.com\/index.php?rest_route=\/wp\/v2\/types\/product"}],"replies":[{"embeddable":true,"href":"https:\/\/ozturkiselbiseleri.com\/index.php?rest_route=%2Fwp%2Fv2%2Fcomments&post=5930"}],"wp:featuredmedia":[{"embeddable":true,"href":"https:\/\/ozturkiselbiseleri.com\/index.php?rest_route=\/wp\/v2\/media\/5931"}],"wp:attachment":[{"href":"https:\/\/ozturkiselbiseleri.com\/index.php?rest_route=%2Fwp%2Fv2%2Fmedia&parent=5930"}],"wp:term":[{"taxonomy":"product_cat","embeddable":true,"href":"https:\/\/ozturkiselbiseleri.com\/index.php?rest_route=%2Fwp%2Fv2%2Fproduct_cat&post=5930"},{"taxonomy":"product_tag","embeddable":true,"href":"https:\/\/ozturkiselbiseleri.com\/index.php?rest_route=%2Fwp%2Fv2%2Fproduct_tag&post=5930"}],"curies":[{"name":"wp","href":"https:\/\/api.w.org\/{rel}","templated":true}]}}