{"id":5932,"date":"2024-01-27T11:54:16","date_gmt":"2024-01-27T08:54:16","guid":{"rendered":"https:\/\/ozturkiselbiseleri.com\/?post_type=product&#038;p=5932"},"modified":"2024-01-27T11:54:16","modified_gmt":"2024-01-27T08:54:16","slug":"pratik-ikaz-yelegi","status":"publish","type":"product","link":"https:\/\/ozturkiselbiseleri.com\/?product=pratik-ikaz-yelegi","title":{"rendered":"Pratik \u0130kaz Yele\u011fi"},"content":{"rendered":"<h3 class=\"theme-h3\">\u00dcr\u00fcn Bilgisi<\/h3>\n<div class=\"productcontentnk\">\n<ul>\n<li>Gece s\u00fcr\u00fc\u015f\u00fc i\u00e7in emniyetli reflektif yelek, ayarlanabilir ve unisexdir<\/li>\n<li>G\u00fcn \u0131\u015f\u0131\u011f\u0131nda ve g\u00fcn \u0131\u015f\u0131\u011f\u0131n\u0131n az oldu\u011fu ortamlarda yans\u0131t\u0131c\u0131 olarak kullan\u0131l\u0131r<\/li>\n<li>Kolay ayarlanabilir ve rahat bir kullan\u0131m sa\u011flar<\/li>\n<li>3 farkl\u0131 bedeni mevcuttur<\/li>\n<li>XS\/S bedende bel geni\u015fli\u011fi 100 cm<\/li>\n<li>M\/L bedende bel geni\u015fli\u011fi 120 cm<\/li>\n<li>XL\/XXL bedende bel geni\u015fli\u011fi 150 cm<\/li>\n<li>Elde \u0131l\u0131k su ile y\u0131kanabilir<\/li>\n<\/ul>\n<p><strong>Kullan\u0131m Alanlar\u0131:\u00a0<\/strong>Outdoor , y\u00fcr\u00fcy\u00fc\u015f, ko\u015fu , bisiklet, motosiklet ,i\u015f g\u00fcvenli\u011fi, otomotiv, in\u015faat, yol yap\u0131m \u00e7al\u0131\u015fmalar\u0131, altyap\u0131 \u00e7al\u0131\u015fmalar\u0131,da\u011fc\u0131l\u0131k ve benzeri sporlar<\/div>\n","protected":false},"excerpt":{"rendered":"<p>\u00dcr\u00fcn Bilgisi Gece s\u00fcr\u00fc\u015f\u00fc i\u00e7in emniyetli reflektif yelek, ayarlanabilir ve unisexdir G\u00fcn \u0131\u015f\u0131\u011f\u0131nda ve g\u00fcn \u0131\u015f\u0131\u011f\u0131n\u0131n az oldu\u011fu ortamlarda yans\u0131t\u0131c\u0131 olarak kullan\u0131l\u0131r Kolay ayarlanabilir ve&#8230;<\/p>\n","protected":false},"featured_media":5933,"comment_status":"open","ping_status":"closed","template":"","meta":[],"product_cat":[35,50],"product_tag":[],"_links":{"self":[{"href":"https:\/\/ozturkiselbiseleri.com\/index.php?rest_route=\/wp\/v2\/product\/5932"}],"collection":[{"href":"https:\/\/ozturkiselbiseleri.com\/index.php?rest_route=\/wp\/v2\/product"}],"about":[{"href":"https:\/\/ozturkiselbiseleri.com\/index.php?rest_route=\/wp\/v2\/types\/product"}],"replies":[{"embeddable":true,"href":"https:\/\/ozturkiselbiseleri.com\/index.php?rest_route=%2Fwp%2Fv2%2Fcomments&post=5932"}],"wp:featuredmedia":[{"embeddable":true,"href":"https:\/\/ozturkiselbiseleri.com\/index.php?rest_route=\/wp\/v2\/media\/5933"}],"wp:attachment":[{"href":"https:\/\/ozturkiselbiseleri.com\/index.php?rest_route=%2Fwp%2Fv2%2Fmedia&parent=5932"}],"wp:term":[{"taxonomy":"product_cat","embeddable":true,"href":"https:\/\/ozturkiselbiseleri.com\/index.php?rest_route=%2Fwp%2Fv2%2Fproduct_cat&post=5932"},{"taxonomy":"product_tag","embeddable":true,"href":"https:\/\/ozturkiselbiseleri.com\/index.php?rest_route=%2Fwp%2Fv2%2Fproduct_tag&post=5932"}],"curies":[{"name":"wp","href":"https:\/\/api.w.org\/{rel}","templated":true}]}}