{"id":5934,"date":"2024-01-27T11:54:56","date_gmt":"2024-01-27T08:54:56","guid":{"rendered":"https:\/\/ozturkiselbiseleri.com\/?post_type=product&#038;p=5934"},"modified":"2024-01-27T11:54:56","modified_gmt":"2024-01-27T08:54:56","slug":"trendy-fileli-yelek","status":"publish","type":"product","link":"https:\/\/ozturkiselbiseleri.com\/?product=trendy-fileli-yelek","title":{"rendered":"Trendy Fileli Yelek"},"content":{"rendered":"<h3 class=\"theme-h3\">\u00dcr\u00fcn Bilgisi<\/h3>\n<div class=\"productcontentnk\">\n<ul>\n<li>\u00dcst k\u0131s\u0131m file, alt k\u0131s\u0131m d\u00fcz kuma\u015ft\u0131r<\/li>\n<li>C\u0131rtl\u0131 kapama sistemi<\/li>\n<li>\u00d6nde ve arkada 2 s\u0131ra reflektif bantlar<\/li>\n<li>Sa\u011fda PVC isimlik ve brit<\/li>\n<\/ul>\n<p><b>Kuma\u015f:<\/b><br \/>\n%100 Polyester, File; 150 gr\/m\u00b2 &#8211; D\u00fcz K\u0131s\u0131mlar; 125 gr\/m\u00b2<br \/>\n<b>Sertifika:<\/b><br \/>\nEN ISO 20471 Class 1 &#8211; EN ISO 13688:2013<\/div>\n","protected":false},"excerpt":{"rendered":"<p>\u00dcr\u00fcn Bilgisi \u00dcst k\u0131s\u0131m file, alt k\u0131s\u0131m d\u00fcz kuma\u015ft\u0131r C\u0131rtl\u0131 kapama sistemi \u00d6nde ve arkada 2 s\u0131ra reflektif bantlar Sa\u011fda PVC isimlik ve brit Kuma\u015f:&#8230;<\/p>\n","protected":false},"featured_media":5935,"comment_status":"open","ping_status":"closed","template":"","meta":[],"product_cat":[35,50],"product_tag":[],"_links":{"self":[{"href":"https:\/\/ozturkiselbiseleri.com\/index.php?rest_route=\/wp\/v2\/product\/5934"}],"collection":[{"href":"https:\/\/ozturkiselbiseleri.com\/index.php?rest_route=\/wp\/v2\/product"}],"about":[{"href":"https:\/\/ozturkiselbiseleri.com\/index.php?rest_route=\/wp\/v2\/types\/product"}],"replies":[{"embeddable":true,"href":"https:\/\/ozturkiselbiseleri.com\/index.php?rest_route=%2Fwp%2Fv2%2Fcomments&post=5934"}],"wp:featuredmedia":[{"embeddable":true,"href":"https:\/\/ozturkiselbiseleri.com\/index.php?rest_route=\/wp\/v2\/media\/5935"}],"wp:attachment":[{"href":"https:\/\/ozturkiselbiseleri.com\/index.php?rest_route=%2Fwp%2Fv2%2Fmedia&parent=5934"}],"wp:term":[{"taxonomy":"product_cat","embeddable":true,"href":"https:\/\/ozturkiselbiseleri.com\/index.php?rest_route=%2Fwp%2Fv2%2Fproduct_cat&post=5934"},{"taxonomy":"product_tag","embeddable":true,"href":"https:\/\/ozturkiselbiseleri.com\/index.php?rest_route=%2Fwp%2Fv2%2Fproduct_tag&post=5934"}],"curies":[{"name":"wp","href":"https:\/\/api.w.org\/{rel}","templated":true}]}}