{"id":5936,"date":"2024-01-27T11:55:42","date_gmt":"2024-01-27T08:55:42","guid":{"rendered":"https:\/\/ozturkiselbiseleri.com\/?post_type=product&#038;p=5936"},"modified":"2024-01-27T11:55:42","modified_gmt":"2024-01-27T08:55:42","slug":"tech-file-detayli-yonetici-yelegi","status":"publish","type":"product","link":"https:\/\/ozturkiselbiseleri.com\/?product=tech-file-detayli-yonetici-yelegi","title":{"rendered":"Tech File Detayl\u0131 Y\u00f6netici Yele\u011fi"},"content":{"rendered":"<h3 class=\"theme-h3\">\u00dcr\u00fcn Bilgisi<\/h3>\n<div class=\"productcontentnk\">\n<ul>\n<li>\u00dcst k\u0131s\u0131m file, alt k\u0131s\u0131m d\u00fcz<\/li>\n<li>\u00d6n\u00fc fermuarl\u0131<\/li>\n<li>\u00d6nde kapakl\u0131 geni\u015f cepler<\/li>\n<li>\u00d6nde ve arkada 2 s\u0131ra 50 mm reflektif bantlar<\/li>\n<li>Sa\u011fda PVC isimlik ve brit<\/li>\n<li>Solda mobil cep, kalemlik cebi ve telsiz halka<\/li>\n<\/ul>\n<p><b>Kuma\u015f:<\/b><br \/>\n%100 Polyester, File K\u0131s\u0131mlar: 150 gr\/m\u00b2 &#8211; D\u00fcz K\u0131s\u0131mlar: 125 gr\/m\u00b2<br \/>\n<b>Sertifika:<\/b><br \/>\nEN ISO 20471 Class 2, EN ISO 13688:2013<\/div>\n","protected":false},"excerpt":{"rendered":"<p>\u00dcr\u00fcn Bilgisi \u00dcst k\u0131s\u0131m file, alt k\u0131s\u0131m d\u00fcz \u00d6n\u00fc fermuarl\u0131 \u00d6nde kapakl\u0131 geni\u015f cepler \u00d6nde ve arkada 2 s\u0131ra 50 mm reflektif bantlar Sa\u011fda PVC&#8230;<\/p>\n","protected":false},"featured_media":5937,"comment_status":"open","ping_status":"closed","template":"","meta":[],"product_cat":[35,50],"product_tag":[],"_links":{"self":[{"href":"https:\/\/ozturkiselbiseleri.com\/index.php?rest_route=\/wp\/v2\/product\/5936"}],"collection":[{"href":"https:\/\/ozturkiselbiseleri.com\/index.php?rest_route=\/wp\/v2\/product"}],"about":[{"href":"https:\/\/ozturkiselbiseleri.com\/index.php?rest_route=\/wp\/v2\/types\/product"}],"replies":[{"embeddable":true,"href":"https:\/\/ozturkiselbiseleri.com\/index.php?rest_route=%2Fwp%2Fv2%2Fcomments&post=5936"}],"wp:featuredmedia":[{"embeddable":true,"href":"https:\/\/ozturkiselbiseleri.com\/index.php?rest_route=\/wp\/v2\/media\/5937"}],"wp:attachment":[{"href":"https:\/\/ozturkiselbiseleri.com\/index.php?rest_route=%2Fwp%2Fv2%2Fmedia&parent=5936"}],"wp:term":[{"taxonomy":"product_cat","embeddable":true,"href":"https:\/\/ozturkiselbiseleri.com\/index.php?rest_route=%2Fwp%2Fv2%2Fproduct_cat&post=5936"},{"taxonomy":"product_tag","embeddable":true,"href":"https:\/\/ozturkiselbiseleri.com\/index.php?rest_route=%2Fwp%2Fv2%2Fproduct_tag&post=5936"}],"curies":[{"name":"wp","href":"https:\/\/api.w.org\/{rel}","templated":true}]}}