{"id":5938,"date":"2024-01-27T11:57:14","date_gmt":"2024-01-27T08:57:14","guid":{"rendered":"https:\/\/ozturkiselbiseleri.com\/?post_type=product&#038;p=5938"},"modified":"2024-01-27T11:57:14","modified_gmt":"2024-01-27T08:57:14","slug":"promo-ribs-cift-tarafli-yelek","status":"publish","type":"product","link":"https:\/\/ozturkiselbiseleri.com\/?product=promo-ribs-cift-tarafli-yelek","title":{"rendered":"Promo Ribs \u00c7ift Tarafl\u0131 Yelek"},"content":{"rendered":"<h3 class=\"theme-h3\">\u00dcr\u00fcn Bilgisi<\/h3>\n<div class=\"productcontentnk\">\n<h4>\u00c7ift tarafl\u0131 kullan\u0131m \u00f6zelli\u011fiyle tek \u00fcr\u00fcnde 2 farkl\u0131 g\u00f6r\u00fcn\u00fcm imkan\u0131!<\/h4>\n<ul>\n<li>Polar i\u00e7 y\u00fczeyi ekstra s\u0131cakl\u0131k ve konfor sunar,<\/li>\n<li>Etek ucunda ayarlanabilir kordon yap\u0131<\/li>\n<li>G\u00f6\u011f\u00fcste ve yanlarda kullan\u0131\u015fl\u0131 cepler<\/li>\n<\/ul>\n<p><b>Kuma\u015f:\u00a0<\/b>D\u0131\u015f y\u00fczey %100 Polyester 130 gr \/m\u00b2<br \/>\n\u0130\u00e7 Y\u00fczey Polar %100 Polyester 220\u00a0gr \/m\u00b2<\/div>\n","protected":false},"excerpt":{"rendered":"<p>\u00dcr\u00fcn Bilgisi \u00c7ift tarafl\u0131 kullan\u0131m \u00f6zelli\u011fiyle tek \u00fcr\u00fcnde 2 farkl\u0131 g\u00f6r\u00fcn\u00fcm imkan\u0131! Polar i\u00e7 y\u00fczeyi ekstra s\u0131cakl\u0131k ve konfor sunar, Etek ucunda ayarlanabilir kordon yap\u0131&#8230;<\/p>\n","protected":false},"featured_media":5939,"comment_status":"open","ping_status":"closed","template":"","meta":[],"product_cat":[35,41],"product_tag":[],"_links":{"self":[{"href":"https:\/\/ozturkiselbiseleri.com\/index.php?rest_route=\/wp\/v2\/product\/5938"}],"collection":[{"href":"https:\/\/ozturkiselbiseleri.com\/index.php?rest_route=\/wp\/v2\/product"}],"about":[{"href":"https:\/\/ozturkiselbiseleri.com\/index.php?rest_route=\/wp\/v2\/types\/product"}],"replies":[{"embeddable":true,"href":"https:\/\/ozturkiselbiseleri.com\/index.php?rest_route=%2Fwp%2Fv2%2Fcomments&post=5938"}],"wp:featuredmedia":[{"embeddable":true,"href":"https:\/\/ozturkiselbiseleri.com\/index.php?rest_route=\/wp\/v2\/media\/5939"}],"wp:attachment":[{"href":"https:\/\/ozturkiselbiseleri.com\/index.php?rest_route=%2Fwp%2Fv2%2Fmedia&parent=5938"}],"wp:term":[{"taxonomy":"product_cat","embeddable":true,"href":"https:\/\/ozturkiselbiseleri.com\/index.php?rest_route=%2Fwp%2Fv2%2Fproduct_cat&post=5938"},{"taxonomy":"product_tag","embeddable":true,"href":"https:\/\/ozturkiselbiseleri.com\/index.php?rest_route=%2Fwp%2Fv2%2Fproduct_tag&post=5938"}],"curies":[{"name":"wp","href":"https:\/\/api.w.org\/{rel}","templated":true}]}}