{"id":5940,"date":"2024-01-27T11:57:55","date_gmt":"2024-01-27T08:57:55","guid":{"rendered":"https:\/\/ozturkiselbiseleri.com\/?post_type=product&#038;p=5940"},"modified":"2024-01-27T11:57:55","modified_gmt":"2024-01-27T08:57:55","slug":"polar-mont-iki-renkli","status":"publish","type":"product","link":"https:\/\/ozturkiselbiseleri.com\/?product=polar-mont-iki-renkli","title":{"rendered":"Polar Mont \u0130ki Renkli"},"content":{"rendered":"<h3 class=\"theme-h3\">\u00dcr\u00fcn Bilgisi<\/h3>\n<div class=\"productcontentnk\">\n<h3>Kontrast detayl\u0131 yumu\u015fac\u0131k polar mont!<\/h3>\n<p>Polar\u0131n muhte\u015fem rahatl\u0131\u011f\u0131 \u015fimdi kontrast detaylarla hareketlendirildi, pratik fermuarlar\u0131yla \u00e7ok kullan\u0131\u015fl\u0131\u2026<\/p>\n<ul>\n<li>Kontrast renkte aksesuarl\u0131 polar mont<\/li>\n<li>\u00d6n\u00fc fermuarl\u0131<\/li>\n<li>Yanlarda ve sa\u011f g\u00f6\u011f\u00fcste fermuarl\u0131 i\u00e7ten cepler<\/li>\n<\/ul>\n<p><b>Kuma\u015f:\u00a0<\/b>%100 Polyester 300 gr \/m\u00b2<\/div>\n","protected":false},"excerpt":{"rendered":"<p>\u00dcr\u00fcn Bilgisi Kontrast detayl\u0131 yumu\u015fac\u0131k polar mont! Polar\u0131n muhte\u015fem rahatl\u0131\u011f\u0131 \u015fimdi kontrast detaylarla hareketlendirildi, pratik fermuarlar\u0131yla \u00e7ok kullan\u0131\u015fl\u0131\u2026 Kontrast renkte aksesuarl\u0131 polar mont \u00d6n\u00fc fermuarl\u0131&#8230;<\/p>\n","protected":false},"featured_media":5941,"comment_status":"open","ping_status":"closed","template":"","meta":[],"product_cat":[35,41],"product_tag":[],"_links":{"self":[{"href":"https:\/\/ozturkiselbiseleri.com\/index.php?rest_route=\/wp\/v2\/product\/5940"}],"collection":[{"href":"https:\/\/ozturkiselbiseleri.com\/index.php?rest_route=\/wp\/v2\/product"}],"about":[{"href":"https:\/\/ozturkiselbiseleri.com\/index.php?rest_route=\/wp\/v2\/types\/product"}],"replies":[{"embeddable":true,"href":"https:\/\/ozturkiselbiseleri.com\/index.php?rest_route=%2Fwp%2Fv2%2Fcomments&post=5940"}],"wp:featuredmedia":[{"embeddable":true,"href":"https:\/\/ozturkiselbiseleri.com\/index.php?rest_route=\/wp\/v2\/media\/5941"}],"wp:attachment":[{"href":"https:\/\/ozturkiselbiseleri.com\/index.php?rest_route=%2Fwp%2Fv2%2Fmedia&parent=5940"}],"wp:term":[{"taxonomy":"product_cat","embeddable":true,"href":"https:\/\/ozturkiselbiseleri.com\/index.php?rest_route=%2Fwp%2Fv2%2Fproduct_cat&post=5940"},{"taxonomy":"product_tag","embeddable":true,"href":"https:\/\/ozturkiselbiseleri.com\/index.php?rest_route=%2Fwp%2Fv2%2Fproduct_tag&post=5940"}],"curies":[{"name":"wp","href":"https:\/\/api.w.org\/{rel}","templated":true}]}}