{"id":5944,"date":"2024-01-27T11:59:22","date_gmt":"2024-01-27T08:59:22","guid":{"rendered":"https:\/\/ozturkiselbiseleri.com\/?post_type=product&#038;p=5944"},"modified":"2024-01-27T11:59:42","modified_gmt":"2024-01-27T08:59:42","slug":"polar-mont","status":"publish","type":"product","link":"https:\/\/ozturkiselbiseleri.com\/?product=polar-mont","title":{"rendered":"Polar Mont"},"content":{"rendered":"<h3 class=\"theme-h3\">\u00dcr\u00fcn Bilgisi<\/h3>\n<div class=\"productcontentnk\">\n<ul>\n<li>\u00d6nde kemik di\u015f fermuar<\/li>\n<li>\u00d6nde i\u00e7ten kanguru cep, cep a\u011f\u0131zlar\u0131 fletolu<\/li>\n<li>Etek ucunda kanal i\u00e7i kordon, u\u00e7lar\u0131 stoperli<\/li>\n<\/ul>\n<p><strong>Kuma\u015f:\u00a0<\/strong>\u00a0%100 Polyester 300 gr \/m\u00b2<\/p>\n<\/div>\n","protected":false},"excerpt":{"rendered":"<p>\u00dcr\u00fcn Bilgisi \u00d6nde kemik di\u015f fermuar \u00d6nde i\u00e7ten kanguru cep, cep a\u011f\u0131zlar\u0131 fletolu Etek ucunda kanal i\u00e7i kordon, u\u00e7lar\u0131 stoperli Kuma\u015f:\u00a0\u00a0%100 Polyester 300 gr \/m\u00b2<\/p>\n","protected":false},"featured_media":5945,"comment_status":"open","ping_status":"closed","template":"","meta":[],"product_cat":[35,41],"product_tag":[],"_links":{"self":[{"href":"https:\/\/ozturkiselbiseleri.com\/index.php?rest_route=\/wp\/v2\/product\/5944"}],"collection":[{"href":"https:\/\/ozturkiselbiseleri.com\/index.php?rest_route=\/wp\/v2\/product"}],"about":[{"href":"https:\/\/ozturkiselbiseleri.com\/index.php?rest_route=\/wp\/v2\/types\/product"}],"replies":[{"embeddable":true,"href":"https:\/\/ozturkiselbiseleri.com\/index.php?rest_route=%2Fwp%2Fv2%2Fcomments&post=5944"}],"wp:featuredmedia":[{"embeddable":true,"href":"https:\/\/ozturkiselbiseleri.com\/index.php?rest_route=\/wp\/v2\/media\/5945"}],"wp:attachment":[{"href":"https:\/\/ozturkiselbiseleri.com\/index.php?rest_route=%2Fwp%2Fv2%2Fmedia&parent=5944"}],"wp:term":[{"taxonomy":"product_cat","embeddable":true,"href":"https:\/\/ozturkiselbiseleri.com\/index.php?rest_route=%2Fwp%2Fv2%2Fproduct_cat&post=5944"},{"taxonomy":"product_tag","embeddable":true,"href":"https:\/\/ozturkiselbiseleri.com\/index.php?rest_route=%2Fwp%2Fv2%2Fproduct_tag&post=5944"}],"curies":[{"name":"wp","href":"https:\/\/api.w.org\/{rel}","templated":true}]}}