{"id":5946,"date":"2024-01-27T12:00:26","date_gmt":"2024-01-27T09:00:26","guid":{"rendered":"https:\/\/ozturkiselbiseleri.com\/?post_type=product&#038;p=5946"},"modified":"2024-01-27T12:00:26","modified_gmt":"2024-01-27T09:00:26","slug":"lodos-hi-vis-polar-mont","status":"publish","type":"product","link":"https:\/\/ozturkiselbiseleri.com\/?product=lodos-hi-vis-polar-mont","title":{"rendered":"LODOS Hi-Vis Polar Mont"},"content":{"rendered":"<h3 class=\"theme-h3\">\u00dcr\u00fcn Bilgisi<\/h3>\n<div class=\"productcontentnk\">\n<ul>\n<li>\u00d6n-arka beden ve kollarda 50 mm reflektif bantlar<\/li>\n<li>Fermuarl\u0131 yandan cepler<\/li>\n<li>Elastik kol a\u011f\u0131zlar\u0131<\/li>\n<\/ul>\n<p><b>Kuma\u015f:<\/b><br \/>\n%100 Polyester, 280 gr\/m\u00b2<br \/>\n<b>Sertifika:<\/b><br \/>\nEN ISO 20471 Class 3<br \/>\nEN ISO 13688:2013<\/div>\n","protected":false},"excerpt":{"rendered":"<p>\u00dcr\u00fcn Bilgisi \u00d6n-arka beden ve kollarda 50 mm reflektif bantlar Fermuarl\u0131 yandan cepler Elastik kol a\u011f\u0131zlar\u0131 Kuma\u015f: %100 Polyester, 280 gr\/m\u00b2 Sertifika: EN ISO 20471&#8230;<\/p>\n","protected":false},"featured_media":5947,"comment_status":"open","ping_status":"closed","template":"","meta":[],"product_cat":[35,41],"product_tag":[],"_links":{"self":[{"href":"https:\/\/ozturkiselbiseleri.com\/index.php?rest_route=\/wp\/v2\/product\/5946"}],"collection":[{"href":"https:\/\/ozturkiselbiseleri.com\/index.php?rest_route=\/wp\/v2\/product"}],"about":[{"href":"https:\/\/ozturkiselbiseleri.com\/index.php?rest_route=\/wp\/v2\/types\/product"}],"replies":[{"embeddable":true,"href":"https:\/\/ozturkiselbiseleri.com\/index.php?rest_route=%2Fwp%2Fv2%2Fcomments&post=5946"}],"wp:featuredmedia":[{"embeddable":true,"href":"https:\/\/ozturkiselbiseleri.com\/index.php?rest_route=\/wp\/v2\/media\/5947"}],"wp:attachment":[{"href":"https:\/\/ozturkiselbiseleri.com\/index.php?rest_route=%2Fwp%2Fv2%2Fmedia&parent=5946"}],"wp:term":[{"taxonomy":"product_cat","embeddable":true,"href":"https:\/\/ozturkiselbiseleri.com\/index.php?rest_route=%2Fwp%2Fv2%2Fproduct_cat&post=5946"},{"taxonomy":"product_tag","embeddable":true,"href":"https:\/\/ozturkiselbiseleri.com\/index.php?rest_route=%2Fwp%2Fv2%2Fproduct_tag&post=5946"}],"curies":[{"name":"wp","href":"https:\/\/api.w.org\/{rel}","templated":true}]}}