{"id":5948,"date":"2024-01-27T12:01:29","date_gmt":"2024-01-27T09:01:29","guid":{"rendered":"https:\/\/ozturkiselbiseleri.com\/?post_type=product&#038;p=5948"},"modified":"2024-01-27T12:01:29","modified_gmt":"2024-01-27T09:01:29","slug":"oxford-klasik-uzun-kollu-erkek-gomlek","status":"publish","type":"product","link":"https:\/\/ozturkiselbiseleri.com\/?product=oxford-klasik-uzun-kollu-erkek-gomlek","title":{"rendered":"Oxford Klasik Uzun Kollu Erkek G\u00f6mlek"},"content":{"rendered":"<h3 class=\"theme-h3\">\u00dcr\u00fcn Bilgisi<\/h3>\n<div class=\"productcontentnk\">\n<ul>\n<li>Klasik kravat yaka<\/li>\n<li>Uzun kollu<\/li>\n<li>D\u00fc\u011fmeli \u00f6n kapama<\/li>\n<li>Sol g\u00f6\u011f\u00fcste cep<\/li>\n<\/ul>\n<p><strong>Kuma\u015f:\u00a0<\/strong>%70 Pamuk, %30 Polyester 130 gr\/m\u00b2<\/div>\n","protected":false},"excerpt":{"rendered":"<p>\u00dcr\u00fcn Bilgisi Klasik kravat yaka Uzun kollu D\u00fc\u011fmeli \u00f6n kapama Sol g\u00f6\u011f\u00fcste cep Kuma\u015f:\u00a0%70 Pamuk, %30 Polyester 130 gr\/m\u00b2<\/p>\n","protected":false},"featured_media":5949,"comment_status":"open","ping_status":"closed","template":"","meta":[],"product_cat":[35,51],"product_tag":[],"_links":{"self":[{"href":"https:\/\/ozturkiselbiseleri.com\/index.php?rest_route=\/wp\/v2\/product\/5948"}],"collection":[{"href":"https:\/\/ozturkiselbiseleri.com\/index.php?rest_route=\/wp\/v2\/product"}],"about":[{"href":"https:\/\/ozturkiselbiseleri.com\/index.php?rest_route=\/wp\/v2\/types\/product"}],"replies":[{"embeddable":true,"href":"https:\/\/ozturkiselbiseleri.com\/index.php?rest_route=%2Fwp%2Fv2%2Fcomments&post=5948"}],"wp:featuredmedia":[{"embeddable":true,"href":"https:\/\/ozturkiselbiseleri.com\/index.php?rest_route=\/wp\/v2\/media\/5949"}],"wp:attachment":[{"href":"https:\/\/ozturkiselbiseleri.com\/index.php?rest_route=%2Fwp%2Fv2%2Fmedia&parent=5948"}],"wp:term":[{"taxonomy":"product_cat","embeddable":true,"href":"https:\/\/ozturkiselbiseleri.com\/index.php?rest_route=%2Fwp%2Fv2%2Fproduct_cat&post=5948"},{"taxonomy":"product_tag","embeddable":true,"href":"https:\/\/ozturkiselbiseleri.com\/index.php?rest_route=%2Fwp%2Fv2%2Fproduct_tag&post=5948"}],"curies":[{"name":"wp","href":"https:\/\/api.w.org\/{rel}","templated":true}]}}