{"id":5952,"date":"2024-01-27T12:02:51","date_gmt":"2024-01-27T09:02:51","guid":{"rendered":"https:\/\/ozturkiselbiseleri.com\/?post_type=product&#038;p=5952"},"modified":"2024-01-27T12:02:51","modified_gmt":"2024-01-27T09:02:51","slug":"kisa-kollu-gomlek-erkek","status":"publish","type":"product","link":"https:\/\/ozturkiselbiseleri.com\/?product=kisa-kollu-gomlek-erkek","title":{"rendered":"K\u0131sa Kollu G\u00f6mlek Erkek"},"content":{"rendered":"<h3 class=\"theme-h3\">\u00dcr\u00fcn Bilgisi<\/h3>\n<div class=\"productcontentnk\">\n<ul>\n<li>Klasik kravat yaka<\/li>\n<li>K\u0131sa kollu<\/li>\n<li>D\u00fc\u011fmeli \u00f6n Kapama<\/li>\n<li>Sol g\u00f6\u011f\u00fcste cep<\/li>\n<\/ul>\n<p><strong>Kuma\u015f:\u00a0<\/strong>%55 Pamuk, %45 Polyester 115 gr\/m\u00b2<\/div>\n","protected":false},"excerpt":{"rendered":"<p>\u00dcr\u00fcn Bilgisi Klasik kravat yaka K\u0131sa kollu D\u00fc\u011fmeli \u00f6n Kapama Sol g\u00f6\u011f\u00fcste cep Kuma\u015f:\u00a0%55 Pamuk, %45 Polyester 115 gr\/m\u00b2<\/p>\n","protected":false},"featured_media":5953,"comment_status":"open","ping_status":"closed","template":"","meta":[],"product_cat":[35,51],"product_tag":[],"_links":{"self":[{"href":"https:\/\/ozturkiselbiseleri.com\/index.php?rest_route=\/wp\/v2\/product\/5952"}],"collection":[{"href":"https:\/\/ozturkiselbiseleri.com\/index.php?rest_route=\/wp\/v2\/product"}],"about":[{"href":"https:\/\/ozturkiselbiseleri.com\/index.php?rest_route=\/wp\/v2\/types\/product"}],"replies":[{"embeddable":true,"href":"https:\/\/ozturkiselbiseleri.com\/index.php?rest_route=%2Fwp%2Fv2%2Fcomments&post=5952"}],"wp:featuredmedia":[{"embeddable":true,"href":"https:\/\/ozturkiselbiseleri.com\/index.php?rest_route=\/wp\/v2\/media\/5953"}],"wp:attachment":[{"href":"https:\/\/ozturkiselbiseleri.com\/index.php?rest_route=%2Fwp%2Fv2%2Fmedia&parent=5952"}],"wp:term":[{"taxonomy":"product_cat","embeddable":true,"href":"https:\/\/ozturkiselbiseleri.com\/index.php?rest_route=%2Fwp%2Fv2%2Fproduct_cat&post=5952"},{"taxonomy":"product_tag","embeddable":true,"href":"https:\/\/ozturkiselbiseleri.com\/index.php?rest_route=%2Fwp%2Fv2%2Fproduct_tag&post=5952"}],"curies":[{"name":"wp","href":"https:\/\/api.w.org\/{rel}","templated":true}]}}