{"id":5954,"date":"2024-01-27T12:03:49","date_gmt":"2024-01-27T09:03:49","guid":{"rendered":"https:\/\/ozturkiselbiseleri.com\/?post_type=product&#038;p=5954"},"modified":"2024-01-27T12:03:49","modified_gmt":"2024-01-27T09:03:49","slug":"ozel-guvenlik-apoletli-gomlek","status":"publish","type":"product","link":"https:\/\/ozturkiselbiseleri.com\/?product=ozel-guvenlik-apoletli-gomlek","title":{"rendered":"\u00d6zel G\u00fcvenlik Apoletli G\u00f6mlek"},"content":{"rendered":"<h3 class=\"theme-h3\">\u00dcr\u00fcn Bilgisi<\/h3>\n<div class=\"productcontentnk\">\n<ul>\n<li>Uzun kollu<\/li>\n<li>Sa\u011f ve sol g\u00f6\u011f\u00fcste kapakl\u0131 d\u00fc\u011fmeli cepler<\/li>\n<li>Sa\u011f ve sol omuzda apolet<\/li>\n<li>Omuzlardaki \u00f6zel g\u00fcvenlik apoletleri ve g\u00f6\u011f\u00fcsteki \u00f6zel g\u00fcvenlik armas\u0131 ayr\u0131 olarak sat\u0131lmaktad\u0131r.<\/li>\n<\/ul>\n<p><strong>Kuma\u015f:\u00a0<\/strong>Terrycotton ( %55 Pamuk, %45 Polyester 115 gr\/m\u00b2)<\/p>\n<p class=\"nkwarning\">Apolet ve arma ayr\u0131 sat\u0131lmaktad\u0131r. A\u015fa\u011f\u0131daki linklerden t\u0131klayarak sat\u0131n al\u0131m yap\u0131labilir.<\/p>\n<\/div>\n","protected":false},"excerpt":{"rendered":"<p>\u00dcr\u00fcn Bilgisi Uzun kollu Sa\u011f ve sol g\u00f6\u011f\u00fcste kapakl\u0131 d\u00fc\u011fmeli cepler Sa\u011f ve sol omuzda apolet Omuzlardaki \u00f6zel g\u00fcvenlik apoletleri ve g\u00f6\u011f\u00fcsteki \u00f6zel g\u00fcvenlik armas\u0131&#8230;<\/p>\n","protected":false},"featured_media":5972,"comment_status":"open","ping_status":"closed","template":"","meta":[],"product_cat":[35,51],"product_tag":[],"_links":{"self":[{"href":"https:\/\/ozturkiselbiseleri.com\/index.php?rest_route=\/wp\/v2\/product\/5954"}],"collection":[{"href":"https:\/\/ozturkiselbiseleri.com\/index.php?rest_route=\/wp\/v2\/product"}],"about":[{"href":"https:\/\/ozturkiselbiseleri.com\/index.php?rest_route=\/wp\/v2\/types\/product"}],"replies":[{"embeddable":true,"href":"https:\/\/ozturkiselbiseleri.com\/index.php?rest_route=%2Fwp%2Fv2%2Fcomments&post=5954"}],"wp:featuredmedia":[{"embeddable":true,"href":"https:\/\/ozturkiselbiseleri.com\/index.php?rest_route=\/wp\/v2\/media\/5972"}],"wp:attachment":[{"href":"https:\/\/ozturkiselbiseleri.com\/index.php?rest_route=%2Fwp%2Fv2%2Fmedia&parent=5954"}],"wp:term":[{"taxonomy":"product_cat","embeddable":true,"href":"https:\/\/ozturkiselbiseleri.com\/index.php?rest_route=%2Fwp%2Fv2%2Fproduct_cat&post=5954"},{"taxonomy":"product_tag","embeddable":true,"href":"https:\/\/ozturkiselbiseleri.com\/index.php?rest_route=%2Fwp%2Fv2%2Fproduct_tag&post=5954"}],"curies":[{"name":"wp","href":"https:\/\/api.w.org\/{rel}","templated":true}]}}