{"id":5973,"date":"2024-01-27T12:04:31","date_gmt":"2024-01-27T09:04:31","guid":{"rendered":"https:\/\/ozturkiselbiseleri.com\/?post_type=product&#038;p=5973"},"modified":"2024-01-27T12:04:31","modified_gmt":"2024-01-27T09:04:31","slug":"bayan-gomlek-uzun-kol","status":"publish","type":"product","link":"https:\/\/ozturkiselbiseleri.com\/?product=bayan-gomlek-uzun-kol","title":{"rendered":"Bayan G\u00f6mlek Uzun Kol"},"content":{"rendered":"<h3 class=\"theme-h3\">\u00dcr\u00fcn Bilgisi<\/h3>\n<div class=\"productcontentnk\">\n<ul>\n<li>Pensli, v\u00fccuda oturan form<\/li>\n<li>Uzun kollu<\/li>\n<li>Sa\u011f g\u00f6\u011f\u00fcste cep<\/li>\n<\/ul>\n<p><strong>Kuma\u015f:\u00a0<\/strong>\u00a0%55 Pamuk, %45 Polyester 115 gr\/m\u00b2<\/div>\n","protected":false},"excerpt":{"rendered":"<p>\u00dcr\u00fcn Bilgisi Pensli, v\u00fccuda oturan form Uzun kollu Sa\u011f g\u00f6\u011f\u00fcste cep Kuma\u015f:\u00a0\u00a0%55 Pamuk, %45 Polyester 115 gr\/m\u00b2<\/p>\n","protected":false},"featured_media":5976,"comment_status":"open","ping_status":"closed","template":"","meta":[],"product_cat":[35,51],"product_tag":[],"_links":{"self":[{"href":"https:\/\/ozturkiselbiseleri.com\/index.php?rest_route=\/wp\/v2\/product\/5973"}],"collection":[{"href":"https:\/\/ozturkiselbiseleri.com\/index.php?rest_route=\/wp\/v2\/product"}],"about":[{"href":"https:\/\/ozturkiselbiseleri.com\/index.php?rest_route=\/wp\/v2\/types\/product"}],"replies":[{"embeddable":true,"href":"https:\/\/ozturkiselbiseleri.com\/index.php?rest_route=%2Fwp%2Fv2%2Fcomments&post=5973"}],"wp:featuredmedia":[{"embeddable":true,"href":"https:\/\/ozturkiselbiseleri.com\/index.php?rest_route=\/wp\/v2\/media\/5976"}],"wp:attachment":[{"href":"https:\/\/ozturkiselbiseleri.com\/index.php?rest_route=%2Fwp%2Fv2%2Fmedia&parent=5973"}],"wp:term":[{"taxonomy":"product_cat","embeddable":true,"href":"https:\/\/ozturkiselbiseleri.com\/index.php?rest_route=%2Fwp%2Fv2%2Fproduct_cat&post=5973"},{"taxonomy":"product_tag","embeddable":true,"href":"https:\/\/ozturkiselbiseleri.com\/index.php?rest_route=%2Fwp%2Fv2%2Fproduct_tag&post=5973"}],"curies":[{"name":"wp","href":"https:\/\/api.w.org\/{rel}","templated":true}]}}