{"id":5977,"date":"2024-01-27T12:05:23","date_gmt":"2024-01-27T09:05:23","guid":{"rendered":"https:\/\/ozturkiselbiseleri.com\/?post_type=product&#038;p=5977"},"modified":"2024-01-27T12:05:23","modified_gmt":"2024-01-27T09:05:23","slug":"firelion-5500-suet-kapali-kaynakci-onlugu","status":"publish","type":"product","link":"https:\/\/ozturkiselbiseleri.com\/?product=firelion-5500-suet-kapali-kaynakci-onlugu","title":{"rendered":"FireLion 5500 S\u00fcet Kapal\u0131 Kaynak\u00e7\u0131 \u00d6nl\u00fc\u011f\u00fc"},"content":{"rendered":"<h3 class=\"theme-h3\">\u00dcr\u00fcn Bilgisi<\/h3>\n<div class=\"productcontentnk\">\n<ul>\n<li>T\u00fcm kaynak, ta\u015flama ve \u0131s\u0131l i\u015flemlerinde \u00fcst\u00fcn koruma sa\u011flar<\/li>\n<li>S\u00fcet deri kullan\u0131larak \u00fcretilmi\u015ftir<\/li>\n<li>A\u015f\u0131nmaya, delinmeye ve y\u00fcksek dayan\u0131m koku ve alerji yapmayan 1. s\u0131n\u0131f konfeksiyonluk s\u0131\u011f\u0131r derisi kullan\u0131lm\u0131\u015ft\u0131r<\/li>\n<li>T\u00fcm diki\u015flerde para-aramid iplik kullan\u0131lm\u0131\u015ft\u0131r<\/li>\n<\/ul>\n<p><b>Sertifika:\u00a0<\/b>CE, EN ISO 11611:2007 Class 2 A1+A2<\/div>\n<p><b>Kullan\u0131m Alanlar\u0131:<\/b><\/p>\n<p>T\u00fcm montaj uygulamalar\u0131nda<\/p>\n<p>Demir-\u00c7elik End\u00fcstrisinde<\/p>\n<p>\u00c7apak alma i\u015flemlerinde<\/p>\n<p>Otomotiv end\u00fcstrisinde<\/p>\n<p>\u0130n\u015faat, yap\u0131 ve end\u00fcstri i\u015flerinde<\/p>\n<p>D\u00f6k\u00fcm ve \u0131\u015f\u0131l i\u015flem uygulamalar\u0131nda<\/p>\n<p>Cam sanayisinde<\/p>\n","protected":false},"excerpt":{"rendered":"<p>\u00dcr\u00fcn Bilgisi T\u00fcm kaynak, ta\u015flama ve \u0131s\u0131l i\u015flemlerinde \u00fcst\u00fcn koruma sa\u011flar S\u00fcet deri kullan\u0131larak \u00fcretilmi\u015ftir A\u015f\u0131nmaya, delinmeye ve y\u00fcksek dayan\u0131m koku ve alerji yapmayan 1&#8230;.<\/p>\n","protected":false},"featured_media":5979,"comment_status":"open","ping_status":"closed","template":"","meta":[],"product_cat":[35,52],"product_tag":[],"_links":{"self":[{"href":"https:\/\/ozturkiselbiseleri.com\/index.php?rest_route=\/wp\/v2\/product\/5977"}],"collection":[{"href":"https:\/\/ozturkiselbiseleri.com\/index.php?rest_route=\/wp\/v2\/product"}],"about":[{"href":"https:\/\/ozturkiselbiseleri.com\/index.php?rest_route=\/wp\/v2\/types\/product"}],"replies":[{"embeddable":true,"href":"https:\/\/ozturkiselbiseleri.com\/index.php?rest_route=%2Fwp%2Fv2%2Fcomments&post=5977"}],"wp:featuredmedia":[{"embeddable":true,"href":"https:\/\/ozturkiselbiseleri.com\/index.php?rest_route=\/wp\/v2\/media\/5979"}],"wp:attachment":[{"href":"https:\/\/ozturkiselbiseleri.com\/index.php?rest_route=%2Fwp%2Fv2%2Fmedia&parent=5977"}],"wp:term":[{"taxonomy":"product_cat","embeddable":true,"href":"https:\/\/ozturkiselbiseleri.com\/index.php?rest_route=%2Fwp%2Fv2%2Fproduct_cat&post=5977"},{"taxonomy":"product_tag","embeddable":true,"href":"https:\/\/ozturkiselbiseleri.com\/index.php?rest_route=%2Fwp%2Fv2%2Fproduct_tag&post=5977"}],"curies":[{"name":"wp","href":"https:\/\/api.w.org\/{rel}","templated":true}]}}