{"id":5980,"date":"2024-01-27T12:06:03","date_gmt":"2024-01-27T09:06:03","guid":{"rendered":"https:\/\/ozturkiselbiseleri.com\/?post_type=product&#038;p=5980"},"modified":"2024-01-27T12:06:03","modified_gmt":"2024-01-27T09:06:03","slug":"cerva-venus-onluk","status":"publish","type":"product","link":"https:\/\/ozturkiselbiseleri.com\/?product=cerva-venus-onluk","title":{"rendered":"Cerva Ven\u00fcs \u00d6nl\u00fck"},"content":{"rendered":"<h3 class=\"theme-h3\">\u00dcr\u00fcn Bilgisi<\/h3>\n<div class=\"productcontentnk\">\n<ul>\n<li>Boyundan ayarlanabilir, plastik tokal\u0131<\/li>\n<li>\u00d6nde b\u00f6lmeli geni\u015f cep<\/li>\n<li>EN ISO 13688 sertifikal\u0131<\/li>\n<\/ul>\n<p><strong>Kuma\u015f:\u00a0<\/strong>\u00a0%100 Pamuk \/ 235 gr\/m\u00b2<\/div>\n","protected":false},"excerpt":{"rendered":"<p>\u00dcr\u00fcn Bilgisi Boyundan ayarlanabilir, plastik tokal\u0131 \u00d6nde b\u00f6lmeli geni\u015f cep EN ISO 13688 sertifikal\u0131 Kuma\u015f:\u00a0\u00a0%100 Pamuk \/ 235 gr\/m\u00b2<\/p>\n","protected":false},"featured_media":5981,"comment_status":"open","ping_status":"closed","template":"","meta":[],"product_cat":[35,52],"product_tag":[],"_links":{"self":[{"href":"https:\/\/ozturkiselbiseleri.com\/index.php?rest_route=\/wp\/v2\/product\/5980"}],"collection":[{"href":"https:\/\/ozturkiselbiseleri.com\/index.php?rest_route=\/wp\/v2\/product"}],"about":[{"href":"https:\/\/ozturkiselbiseleri.com\/index.php?rest_route=\/wp\/v2\/types\/product"}],"replies":[{"embeddable":true,"href":"https:\/\/ozturkiselbiseleri.com\/index.php?rest_route=%2Fwp%2Fv2%2Fcomments&post=5980"}],"wp:featuredmedia":[{"embeddable":true,"href":"https:\/\/ozturkiselbiseleri.com\/index.php?rest_route=\/wp\/v2\/media\/5981"}],"wp:attachment":[{"href":"https:\/\/ozturkiselbiseleri.com\/index.php?rest_route=%2Fwp%2Fv2%2Fmedia&parent=5980"}],"wp:term":[{"taxonomy":"product_cat","embeddable":true,"href":"https:\/\/ozturkiselbiseleri.com\/index.php?rest_route=%2Fwp%2Fv2%2Fproduct_cat&post=5980"},{"taxonomy":"product_tag","embeddable":true,"href":"https:\/\/ozturkiselbiseleri.com\/index.php?rest_route=%2Fwp%2Fv2%2Fproduct_tag&post=5980"}],"curies":[{"name":"wp","href":"https:\/\/api.w.org\/{rel}","templated":true}]}}