{"id":5982,"date":"2024-01-27T12:06:48","date_gmt":"2024-01-27T09:06:48","guid":{"rendered":"https:\/\/ozturkiselbiseleri.com\/?post_type=product&#038;p=5982"},"modified":"2024-01-27T12:06:48","modified_gmt":"2024-01-27T09:06:48","slug":"chef-onluk","status":"publish","type":"product","link":"https:\/\/ozturkiselbiseleri.com\/?product=chef-onluk","title":{"rendered":"Chef \u00d6nl\u00fck"},"content":{"rendered":"<h3 class=\"theme-h3\">\u00dcr\u00fcn Bilgisi<\/h3>\n<div class=\"productcontentnk\">\n<ul>\n<li>S\u00fcet detayl\u0131 geni\u015f cepler<\/li>\n<li>Ayarlanabilir \u015f\u0131k deri ask\u0131lar<\/li>\n<\/ul>\n<p><b>Kuma\u015f:<\/b><br \/>\n%65 Polyester, %35 Pamuk &#8211; 195 gr\/m<\/p>\n<\/div>\n","protected":false},"excerpt":{"rendered":"<p>\u00dcr\u00fcn Bilgisi S\u00fcet detayl\u0131 geni\u015f cepler Ayarlanabilir \u015f\u0131k deri ask\u0131lar Kuma\u015f: %65 Polyester, %35 Pamuk &#8211; 195 gr\/m<\/p>\n","protected":false},"featured_media":5983,"comment_status":"open","ping_status":"closed","template":"","meta":[],"product_cat":[35,52],"product_tag":[],"_links":{"self":[{"href":"https:\/\/ozturkiselbiseleri.com\/index.php?rest_route=\/wp\/v2\/product\/5982"}],"collection":[{"href":"https:\/\/ozturkiselbiseleri.com\/index.php?rest_route=\/wp\/v2\/product"}],"about":[{"href":"https:\/\/ozturkiselbiseleri.com\/index.php?rest_route=\/wp\/v2\/types\/product"}],"replies":[{"embeddable":true,"href":"https:\/\/ozturkiselbiseleri.com\/index.php?rest_route=%2Fwp%2Fv2%2Fcomments&post=5982"}],"wp:featuredmedia":[{"embeddable":true,"href":"https:\/\/ozturkiselbiseleri.com\/index.php?rest_route=\/wp\/v2\/media\/5983"}],"wp:attachment":[{"href":"https:\/\/ozturkiselbiseleri.com\/index.php?rest_route=%2Fwp%2Fv2%2Fmedia&parent=5982"}],"wp:term":[{"taxonomy":"product_cat","embeddable":true,"href":"https:\/\/ozturkiselbiseleri.com\/index.php?rest_route=%2Fwp%2Fv2%2Fproduct_cat&post=5982"},{"taxonomy":"product_tag","embeddable":true,"href":"https:\/\/ozturkiselbiseleri.com\/index.php?rest_route=%2Fwp%2Fv2%2Fproduct_tag&post=5982"}],"curies":[{"name":"wp","href":"https:\/\/api.w.org\/{rel}","templated":true}]}}