{"id":5986,"date":"2024-01-27T12:09:05","date_gmt":"2024-01-27T09:09:05","guid":{"rendered":"https:\/\/ozturkiselbiseleri.com\/?post_type=product&#038;p=5986"},"modified":"2024-01-27T12:09:05","modified_gmt":"2024-01-27T09:09:05","slug":"okul-onlugu-bayan-ogretmen-onlugu","status":"publish","type":"product","link":"https:\/\/ozturkiselbiseleri.com\/?product=okul-onlugu-bayan-ogretmen-onlugu","title":{"rendered":"Okul \u00d6nl\u00fc\u011f\u00fc Bayan &#8211; \u00d6\u011fretmen \u00d6nl\u00fc\u011f\u00fc"},"content":{"rendered":"<h3 class=\"theme-h3\">\u00dcr\u00fcn Bilgisi<\/h3>\n<div class=\"productcontentnk\">\n<ul>\n<li>\u00d6n\u00fc d\u00fc\u011fmeli<\/li>\n<li>Sa\u011f g\u00f6\u011f\u00fcste cep<\/li>\n<li>Yanlarda \u00fcstten cepler<\/li>\n<\/ul>\n<p><strong>Kuma\u015f:\u00a0<\/strong>%65 Polyester, %35 Viskoz 170 gr \/m\u00b2<\/div>\n","protected":false},"excerpt":{"rendered":"<p>\u00dcr\u00fcn Bilgisi \u00d6n\u00fc d\u00fc\u011fmeli Sa\u011f g\u00f6\u011f\u00fcste cep Yanlarda \u00fcstten cepler Kuma\u015f:\u00a0%65 Polyester, %35 Viskoz 170 gr \/m\u00b2<\/p>\n","protected":false},"featured_media":5987,"comment_status":"open","ping_status":"closed","template":"","meta":[],"product_cat":[35,52],"product_tag":[],"_links":{"self":[{"href":"https:\/\/ozturkiselbiseleri.com\/index.php?rest_route=\/wp\/v2\/product\/5986"}],"collection":[{"href":"https:\/\/ozturkiselbiseleri.com\/index.php?rest_route=\/wp\/v2\/product"}],"about":[{"href":"https:\/\/ozturkiselbiseleri.com\/index.php?rest_route=\/wp\/v2\/types\/product"}],"replies":[{"embeddable":true,"href":"https:\/\/ozturkiselbiseleri.com\/index.php?rest_route=%2Fwp%2Fv2%2Fcomments&post=5986"}],"wp:featuredmedia":[{"embeddable":true,"href":"https:\/\/ozturkiselbiseleri.com\/index.php?rest_route=\/wp\/v2\/media\/5987"}],"wp:attachment":[{"href":"https:\/\/ozturkiselbiseleri.com\/index.php?rest_route=%2Fwp%2Fv2%2Fmedia&parent=5986"}],"wp:term":[{"taxonomy":"product_cat","embeddable":true,"href":"https:\/\/ozturkiselbiseleri.com\/index.php?rest_route=%2Fwp%2Fv2%2Fproduct_cat&post=5986"},{"taxonomy":"product_tag","embeddable":true,"href":"https:\/\/ozturkiselbiseleri.com\/index.php?rest_route=%2Fwp%2Fv2%2Fproduct_tag&post=5986"}],"curies":[{"name":"wp","href":"https:\/\/api.w.org\/{rel}","templated":true}]}}