{"id":5988,"date":"2024-01-27T12:10:12","date_gmt":"2024-01-27T09:10:12","guid":{"rendered":"https:\/\/ozturkiselbiseleri.com\/?post_type=product&#038;p=5988"},"modified":"2024-01-27T12:10:12","modified_gmt":"2024-01-27T09:10:12","slug":"cerva-emerton-is-ceketi-siyah","status":"publish","type":"product","link":"https:\/\/ozturkiselbiseleri.com\/?product=cerva-emerton-is-ceketi-siyah","title":{"rendered":"Cerva Emerton \u0130\u015f Ceketi Siyah"},"content":{"rendered":"<h3 class=\"theme-h3\">\u00dcr\u00fcn Bilgisi<\/h3>\n<div class=\"productcontentnk\">\n<h4>Dayan\u0131kl\u0131 kuma\u015f\u0131 ve rahat kal\u0131b\u0131yla severek kullanacaks\u0131n\u0131z!<\/h4>\n<ul>\n<li>\u00c7al\u0131\u015f\u0131rken en \u00e7ok y\u0131pranan noktalar 600D polyesterle ekstra desteklenmi\u015ftir.<\/li>\n<li>Havaland\u0131rmal\u0131 koltuk altlar\u0131<\/li>\n<li>Dirseklerde \u00e7ift kat sa\u011flamla\u015ft\u0131rma<\/li>\n<li>Elastik kol a\u011f\u0131zlar\u0131<\/li>\n<\/ul>\n<p><b>Standartlar:\u00a0<\/b>EN 340 &#8211; KORUYUCU G\u0130YECEKLER (Genel \u00d6zellikler)<b>Kuma\u015f:<\/b>\u00a0%65 Polyester, %35 Pamuk<\/p>\n<\/div>\n","protected":false},"excerpt":{"rendered":"<p>\u00dcr\u00fcn Bilgisi Dayan\u0131kl\u0131 kuma\u015f\u0131 ve rahat kal\u0131b\u0131yla severek kullanacaks\u0131n\u0131z! \u00c7al\u0131\u015f\u0131rken en \u00e7ok y\u0131pranan noktalar 600D polyesterle ekstra desteklenmi\u015ftir. Havaland\u0131rmal\u0131 koltuk altlar\u0131 Dirseklerde \u00e7ift kat sa\u011flamla\u015ft\u0131rma&#8230;<\/p>\n","protected":false},"featured_media":5989,"comment_status":"open","ping_status":"closed","template":"","meta":[],"product_cat":[35,42],"product_tag":[],"_links":{"self":[{"href":"https:\/\/ozturkiselbiseleri.com\/index.php?rest_route=\/wp\/v2\/product\/5988"}],"collection":[{"href":"https:\/\/ozturkiselbiseleri.com\/index.php?rest_route=\/wp\/v2\/product"}],"about":[{"href":"https:\/\/ozturkiselbiseleri.com\/index.php?rest_route=\/wp\/v2\/types\/product"}],"replies":[{"embeddable":true,"href":"https:\/\/ozturkiselbiseleri.com\/index.php?rest_route=%2Fwp%2Fv2%2Fcomments&post=5988"}],"wp:featuredmedia":[{"embeddable":true,"href":"https:\/\/ozturkiselbiseleri.com\/index.php?rest_route=\/wp\/v2\/media\/5989"}],"wp:attachment":[{"href":"https:\/\/ozturkiselbiseleri.com\/index.php?rest_route=%2Fwp%2Fv2%2Fmedia&parent=5988"}],"wp:term":[{"taxonomy":"product_cat","embeddable":true,"href":"https:\/\/ozturkiselbiseleri.com\/index.php?rest_route=%2Fwp%2Fv2%2Fproduct_cat&post=5988"},{"taxonomy":"product_tag","embeddable":true,"href":"https:\/\/ozturkiselbiseleri.com\/index.php?rest_route=%2Fwp%2Fv2%2Fproduct_tag&post=5988"}],"curies":[{"name":"wp","href":"https:\/\/api.w.org\/{rel}","templated":true}]}}