{"id":6003,"date":"2024-01-27T12:11:51","date_gmt":"2024-01-27T09:11:51","guid":{"rendered":"https:\/\/ozturkiselbiseleri.com\/?post_type=product&#038;p=6003"},"modified":"2024-01-27T12:11:51","modified_gmt":"2024-01-27T09:11:51","slug":"reflektorlu-penye-tisort-erkek","status":"publish","type":"product","link":"https:\/\/ozturkiselbiseleri.com\/?product=reflektorlu-penye-tisort-erkek","title":{"rendered":"Reflekt\u00f6rl\u00fc Penye Ti\u015f\u00f6rt Erkek"},"content":{"rendered":"<h3 class=\"theme-h3\">\u00dcr\u00fcn Bilgisi<\/h3>\n<div class=\"productcontentnk\">\n<ul>\n<li>Bisiklet yaka<\/li>\n<li>K\u0131sa kollu<\/li>\n<li>\u00d6n ve arka bedende reflektif \u015feritler<\/li>\n<\/ul>\n<p><b>Kuma\u015f:\u00a0<\/b>%100 Pamuk 150 gr \/m\u00b2<\/div>\n","protected":false},"excerpt":{"rendered":"<p>\u00dcr\u00fcn Bilgisi Bisiklet yaka K\u0131sa kollu \u00d6n ve arka bedende reflektif \u015feritler Kuma\u015f:\u00a0%100 Pamuk 150 gr \/m\u00b2<\/p>\n","protected":false},"featured_media":6004,"comment_status":"open","ping_status":"closed","template":"","meta":[],"product_cat":[35,43],"product_tag":[],"_links":{"self":[{"href":"https:\/\/ozturkiselbiseleri.com\/index.php?rest_route=\/wp\/v2\/product\/6003"}],"collection":[{"href":"https:\/\/ozturkiselbiseleri.com\/index.php?rest_route=\/wp\/v2\/product"}],"about":[{"href":"https:\/\/ozturkiselbiseleri.com\/index.php?rest_route=\/wp\/v2\/types\/product"}],"replies":[{"embeddable":true,"href":"https:\/\/ozturkiselbiseleri.com\/index.php?rest_route=%2Fwp%2Fv2%2Fcomments&post=6003"}],"wp:featuredmedia":[{"embeddable":true,"href":"https:\/\/ozturkiselbiseleri.com\/index.php?rest_route=\/wp\/v2\/media\/6004"}],"wp:attachment":[{"href":"https:\/\/ozturkiselbiseleri.com\/index.php?rest_route=%2Fwp%2Fv2%2Fmedia&parent=6003"}],"wp:term":[{"taxonomy":"product_cat","embeddable":true,"href":"https:\/\/ozturkiselbiseleri.com\/index.php?rest_route=%2Fwp%2Fv2%2Fproduct_cat&post=6003"},{"taxonomy":"product_tag","embeddable":true,"href":"https:\/\/ozturkiselbiseleri.com\/index.php?rest_route=%2Fwp%2Fv2%2Fproduct_tag&post=6003"}],"curies":[{"name":"wp","href":"https:\/\/api.w.org\/{rel}","templated":true}]}}