{"id":6007,"date":"2024-01-27T12:13:39","date_gmt":"2024-01-27T09:13:39","guid":{"rendered":"https:\/\/ozturkiselbiseleri.com\/?post_type=product&#038;p=6007"},"modified":"2024-01-27T12:13:39","modified_gmt":"2024-01-27T09:13:39","slug":"pro-tisort-bisiklet-yaka-tisort","status":"publish","type":"product","link":"https:\/\/ozturkiselbiseleri.com\/?product=pro-tisort-bisiklet-yaka-tisort","title":{"rendered":"Pro Ti\u015f\u00f6rt &#8211; Bisiklet Yaka Ti\u015f\u00f6rt"},"content":{"rendered":"<h3 class=\"theme-h3\">\u00dcr\u00fcn Bilgisi<\/h3>\n<div class=\"productcontentnk\">\n<h3>Bu yumu\u015fac\u0131k ve hafif t-shirt\u2019\u00fc \u00e7al\u0131\u015f\u0131rken veya spor yaparken hissetmeyeceksiniz!<\/h3>\n<p><ins><b>Bile\u015fenler:<\/b><\/ins><br \/>\n<b>Ana Kuma\u015f:<\/b>\u00a0%100 Polyester<br \/>\n<b>Aksesuarlar:\u00a0<\/b>%100 Polyester<\/div>\n","protected":false},"excerpt":{"rendered":"<p>\u00dcr\u00fcn Bilgisi Bu yumu\u015fac\u0131k ve hafif t-shirt\u2019\u00fc \u00e7al\u0131\u015f\u0131rken veya spor yaparken hissetmeyeceksiniz! Bile\u015fenler: Ana Kuma\u015f:\u00a0%100 Polyester Aksesuarlar:\u00a0%100 Polyester<\/p>\n","protected":false},"featured_media":6008,"comment_status":"open","ping_status":"closed","template":"","meta":[],"product_cat":[35,43],"product_tag":[],"_links":{"self":[{"href":"https:\/\/ozturkiselbiseleri.com\/index.php?rest_route=\/wp\/v2\/product\/6007"}],"collection":[{"href":"https:\/\/ozturkiselbiseleri.com\/index.php?rest_route=\/wp\/v2\/product"}],"about":[{"href":"https:\/\/ozturkiselbiseleri.com\/index.php?rest_route=\/wp\/v2\/types\/product"}],"replies":[{"embeddable":true,"href":"https:\/\/ozturkiselbiseleri.com\/index.php?rest_route=%2Fwp%2Fv2%2Fcomments&post=6007"}],"wp:featuredmedia":[{"embeddable":true,"href":"https:\/\/ozturkiselbiseleri.com\/index.php?rest_route=\/wp\/v2\/media\/6008"}],"wp:attachment":[{"href":"https:\/\/ozturkiselbiseleri.com\/index.php?rest_route=%2Fwp%2Fv2%2Fmedia&parent=6007"}],"wp:term":[{"taxonomy":"product_cat","embeddable":true,"href":"https:\/\/ozturkiselbiseleri.com\/index.php?rest_route=%2Fwp%2Fv2%2Fproduct_cat&post=6007"},{"taxonomy":"product_tag","embeddable":true,"href":"https:\/\/ozturkiselbiseleri.com\/index.php?rest_route=%2Fwp%2Fv2%2Fproduct_tag&post=6007"}],"curies":[{"name":"wp","href":"https:\/\/api.w.org\/{rel}","templated":true}]}}